{"id":4315,"date":"2022-06-07T11:22:44","date_gmt":"2022-06-07T11:22:44","guid":{"rendered":"https:\/\/globaldrivingstandards.test\/sobre-nos\/"},"modified":"2022-06-07T11:22:44","modified_gmt":"2022-06-07T11:22:44","slug":"sobre-nos","status":"publish","type":"page","link":"https:\/\/globaldrivingstandards.org\/pt-br\/sobre-nos\/","title":{"rendered":"Sobre N\u00f3s"},"content":{"rendered":"<p><span style=\"font-weight: 400;\">A Certifica\u00e7\u00e3o de Padr\u00f5es Globais de Condu\u00e7\u00e3o (GDC) foi criada como uma organiza\u00e7\u00e3o sem fins lucrativos na Su\u00ed\u00e7a com o objetivo de estabelecer uma certifica\u00e7\u00e3o global para o treinamento de condutores.&nbsp; Somos uma entidade independente que trabalha com governos, empresas, organiza\u00e7\u00f5es e ONGs em todo o mundo para promover pr\u00e1ticas de condu\u00e7\u00e3o segura como base para bons neg\u00f3cios e como parte essencial da sa\u00fade e seguran\u00e7a no trabalho e da responsabilidade corporativa.&nbsp;<\/span><\/p>\n<h2>Padr\u00f5es globais e programas de certifica\u00e7\u00e3o para centros de treinamento, instrutores, empresas e motoristas.<\/h2>\n<p><span style=\"font-weight: 400;\">A GDC certifica centros de treinamento e empresas, instrutores-mestres, instrutores e motoristas em todo o mundo. Se voc\u00ea est\u00e1 acessando este site, provavelmente reconhece a import\u00e2ncia de investir na seguran\u00e7a vi\u00e1ria e na condu\u00e7\u00e3o segura, obtendo uma certifica\u00e7\u00e3o para melhorar a seguran\u00e7a e a compet\u00eancia, de forma documentada e validada.<\/span><\/p>\n<p><span style=\"font-weight: 400;\">Com base nas melhores pr\u00e1ticas ao redor do mundo, a GDC desenvolveu um padr\u00e3o global para condu\u00e7\u00e3o segura.&nbsp; Embora muitos pa\u00edses utilizem algum tipo de teste de dire\u00e7\u00e3o para avaliar a compet\u00eancia antes de conceder a habilita\u00e7\u00e3o, os testes b\u00e1sicos para obten\u00e7\u00e3o da carteira n\u00e3o conseguem abranger toda a variedade de desempenho dos ve\u00edculos, tamanhos, novas tecnologias e fatores humanos aos quais os motoristas est\u00e3o expostos em sua vida ao volante.&nbsp; O padr\u00e3o de condu\u00e7\u00e3o da GDC vai al\u00e9m da compet\u00eancia b\u00e1sica no controle do ve\u00edculo, abrangendo fatores atitudinais e comportamentais que, nos \u00faltimos 20 anos, mostraram ter uma influ\u00eancia significativa na probabilidade de um motorista se envolver em colis\u00f5es.<\/span><\/p>\n","protected":false},"excerpt":{"rendered":"<p>A Certifica\u00e7\u00e3o de Padr\u00f5es Globais de Condu\u00e7\u00e3o (GDC) foi criada [&hellip;]<\/p>\n","protected":false},"author":1,"featured_media":4316,"parent":0,"menu_order":0,"comment_status":"closed","ping_status":"closed","template":"","meta":{"_acf_changed":false,"footnotes":""},"class_list":["post-4315","page","type-page","status-publish","has-post-thumbnail","hentry"],"acf":[],"yoast_head":"<!-- This site is optimized with the Yoast SEO plugin v27.4 - https:\/\/yoast.com\/product\/yoast-seo-wordpress\/ -->\n<title>Sobre N\u00f3s - Global Driving Standards<\/title>\n<meta name=\"description\" content=\"A Certifica\u00e7\u00e3o de Padr\u00f5es Globais de Condu\u00e7\u00e3o (GDC) foi criada como uma organiza\u00e7\u00e3o sem fins lucrativos na Su\u00ed\u00e7a com o objetivo de estabelecer uma\" \/>\n<meta name=\"robots\" content=\"noindex, follow, max-snippet:-1, max-image-preview:large, max-video-preview:-1\" \/>\n<meta property=\"og:locale\" content=\"pt_BR\" \/>\n<meta property=\"og:type\" content=\"article\" \/>\n<meta property=\"og:title\" content=\"Sobre N\u00f3s - Global Driving Standards\" \/>\n<meta property=\"og:description\" content=\"A Certifica\u00e7\u00e3o de Padr\u00f5es Globais de Condu\u00e7\u00e3o (GDC) foi criada como uma organiza\u00e7\u00e3o sem fins lucrativos na Su\u00ed\u00e7a com o objetivo de estabelecer uma\" \/>\n<meta property=\"og:url\" content=\"https:\/\/globaldrivingstandards.org\/pt-br\/sobre-nos\/\" \/>\n<meta property=\"og:site_name\" content=\"Global Driving Standards\" \/>\n<meta property=\"og:image\" content=\"https:\/\/globaldrivingstandards.org\/wp-content\/uploads\/2022\/11\/AdobeStock_209883739-e1667927342472.jpeg\" \/>\n\t<meta property=\"og:image:width\" content=\"1439\" \/>\n\t<meta property=\"og:image:height\" content=\"615\" \/>\n\t<meta property=\"og:image:type\" content=\"image\/jpeg\" \/>\n<meta name=\"twitter:card\" content=\"summary_large_image\" \/>\n<meta name=\"twitter:label1\" content=\"Est. tempo de leitura\" \/>\n\t<meta name=\"twitter:data1\" content=\"1 minuto\" \/>\n<script type=\"application\/ld+json\" class=\"yoast-schema-graph\">{\"@context\":\"https:\\\/\\\/schema.org\",\"@graph\":[{\"@type\":\"WebPage\",\"@id\":\"https:\\\/\\\/globaldrivingstandards.org\\\/pt-br\\\/sobre-nos\\\/\",\"url\":\"https:\\\/\\\/globaldrivingstandards.org\\\/pt-br\\\/sobre-nos\\\/\",\"name\":\"Sobre N\u00f3s - Global Driving Standards\",\"isPartOf\":{\"@id\":\"https:\\\/\\\/globaldrivingstandards.org\\\/pt-br\\\/#website\"},\"primaryImageOfPage\":{\"@id\":\"https:\\\/\\\/globaldrivingstandards.org\\\/pt-br\\\/sobre-nos\\\/#primaryimage\"},\"image\":{\"@id\":\"https:\\\/\\\/globaldrivingstandards.org\\\/pt-br\\\/sobre-nos\\\/#primaryimage\"},\"thumbnailUrl\":\"https:\\\/\\\/globaldrivingstandards.org\\\/wp-content\\\/uploads\\\/2022\\\/11\\\/AdobeStock_209883739-e1667927342472.jpeg\",\"datePublished\":\"2022-06-07T11:22:44+00:00\",\"description\":\"A Certifica\u00e7\u00e3o de Padr\u00f5es Globais de Condu\u00e7\u00e3o (GDC) foi criada como uma organiza\u00e7\u00e3o sem fins lucrativos na Su\u00ed\u00e7a com o objetivo de estabelecer uma\",\"breadcrumb\":{\"@id\":\"https:\\\/\\\/globaldrivingstandards.org\\\/pt-br\\\/sobre-nos\\\/#breadcrumb\"},\"inLanguage\":\"pt-BR\",\"potentialAction\":[{\"@type\":\"ReadAction\",\"target\":[\"https:\\\/\\\/globaldrivingstandards.org\\\/pt-br\\\/sobre-nos\\\/\"]}]},{\"@type\":\"ImageObject\",\"inLanguage\":\"pt-BR\",\"@id\":\"https:\\\/\\\/globaldrivingstandards.org\\\/pt-br\\\/sobre-nos\\\/#primaryimage\",\"url\":\"https:\\\/\\\/globaldrivingstandards.org\\\/wp-content\\\/uploads\\\/2022\\\/11\\\/AdobeStock_209883739-e1667927342472.jpeg\",\"contentUrl\":\"https:\\\/\\\/globaldrivingstandards.org\\\/wp-content\\\/uploads\\\/2022\\\/11\\\/AdobeStock_209883739-e1667927342472.jpeg\",\"width\":1439,\"height\":615,\"caption\":\"Sunset view heavy traffic moving at speed on UK motorway in England.\"},{\"@type\":\"BreadcrumbList\",\"@id\":\"https:\\\/\\\/globaldrivingstandards.org\\\/pt-br\\\/sobre-nos\\\/#breadcrumb\",\"itemListElement\":[{\"@type\":\"ListItem\",\"position\":1,\"name\":\"Home\",\"item\":\"https:\\\/\\\/globaldrivingstandards.org\\\/pt-br\\\/\"},{\"@type\":\"ListItem\",\"position\":2,\"name\":\"Sobre N\u00f3s\"}]},{\"@type\":\"WebSite\",\"@id\":\"https:\\\/\\\/globaldrivingstandards.org\\\/pt-br\\\/#website\",\"url\":\"https:\\\/\\\/globaldrivingstandards.org\\\/pt-br\\\/\",\"name\":\"Global Driving Standards\",\"description\":\"The best driving standards across the world\",\"publisher\":{\"@id\":\"https:\\\/\\\/globaldrivingstandards.org\\\/pt-br\\\/#organization\"},\"potentialAction\":[{\"@type\":\"SearchAction\",\"target\":{\"@type\":\"EntryPoint\",\"urlTemplate\":\"https:\\\/\\\/globaldrivingstandards.org\\\/pt-br\\\/?s={search_term_string}\"},\"query-input\":{\"@type\":\"PropertyValueSpecification\",\"valueRequired\":true,\"valueName\":\"search_term_string\"}}],\"inLanguage\":\"pt-BR\"},{\"@type\":\"Organization\",\"@id\":\"https:\\\/\\\/globaldrivingstandards.org\\\/pt-br\\\/#organization\",\"name\":\"Global Driving Standards\",\"url\":\"https:\\\/\\\/globaldrivingstandards.org\\\/pt-br\\\/\",\"logo\":{\"@type\":\"ImageObject\",\"inLanguage\":\"pt-BR\",\"@id\":\"https:\\\/\\\/globaldrivingstandards.org\\\/pt-br\\\/#\\\/schema\\\/logo\\\/image\\\/\",\"url\":\"https:\\\/\\\/globaldrivingstandards.org\\\/wp-content\\\/uploads\\\/2022\\\/10\\\/Favicon.png\",\"contentUrl\":\"https:\\\/\\\/globaldrivingstandards.org\\\/wp-content\\\/uploads\\\/2022\\\/10\\\/Favicon.png\",\"width\":256,\"height\":256,\"caption\":\"Global Driving Standards\"},\"image\":{\"@id\":\"https:\\\/\\\/globaldrivingstandards.org\\\/pt-br\\\/#\\\/schema\\\/logo\\\/image\\\/\"}}]}<\/script>\n<!-- \/ Yoast SEO plugin. -->","yoast_head_json":{"title":"Sobre N\u00f3s - Global Driving Standards","description":"A Certifica\u00e7\u00e3o de Padr\u00f5es Globais de Condu\u00e7\u00e3o (GDC) foi criada como uma organiza\u00e7\u00e3o sem fins lucrativos na Su\u00ed\u00e7a com o objetivo de estabelecer uma","robots":{"index":"noindex","follow":"follow","max-snippet":"max-snippet:-1","max-image-preview":"max-image-preview:large","max-video-preview":"max-video-preview:-1"},"og_locale":"pt_BR","og_type":"article","og_title":"Sobre N\u00f3s - Global Driving Standards","og_description":"A Certifica\u00e7\u00e3o de Padr\u00f5es Globais de Condu\u00e7\u00e3o (GDC) foi criada como uma organiza\u00e7\u00e3o sem fins lucrativos na Su\u00ed\u00e7a com o objetivo de estabelecer uma","og_url":"https:\/\/globaldrivingstandards.org\/pt-br\/sobre-nos\/","og_site_name":"Global Driving Standards","og_image":[{"width":1439,"height":615,"url":"https:\/\/globaldrivingstandards.org\/wp-content\/uploads\/2022\/11\/AdobeStock_209883739-e1667927342472.jpeg","type":"image\/jpeg"}],"twitter_card":"summary_large_image","twitter_misc":{"Est. tempo de leitura":"1 minuto"},"schema":{"@context":"https:\/\/schema.org","@graph":[{"@type":"WebPage","@id":"https:\/\/globaldrivingstandards.org\/pt-br\/sobre-nos\/","url":"https:\/\/globaldrivingstandards.org\/pt-br\/sobre-nos\/","name":"Sobre N\u00f3s - Global Driving Standards","isPartOf":{"@id":"https:\/\/globaldrivingstandards.org\/pt-br\/#website"},"primaryImageOfPage":{"@id":"https:\/\/globaldrivingstandards.org\/pt-br\/sobre-nos\/#primaryimage"},"image":{"@id":"https:\/\/globaldrivingstandards.org\/pt-br\/sobre-nos\/#primaryimage"},"thumbnailUrl":"https:\/\/globaldrivingstandards.org\/wp-content\/uploads\/2022\/11\/AdobeStock_209883739-e1667927342472.jpeg","datePublished":"2022-06-07T11:22:44+00:00","description":"A Certifica\u00e7\u00e3o de Padr\u00f5es Globais de Condu\u00e7\u00e3o (GDC) foi criada como uma organiza\u00e7\u00e3o sem fins lucrativos na Su\u00ed\u00e7a com o objetivo de estabelecer uma","breadcrumb":{"@id":"https:\/\/globaldrivingstandards.org\/pt-br\/sobre-nos\/#breadcrumb"},"inLanguage":"pt-BR","potentialAction":[{"@type":"ReadAction","target":["https:\/\/globaldrivingstandards.org\/pt-br\/sobre-nos\/"]}]},{"@type":"ImageObject","inLanguage":"pt-BR","@id":"https:\/\/globaldrivingstandards.org\/pt-br\/sobre-nos\/#primaryimage","url":"https:\/\/globaldrivingstandards.org\/wp-content\/uploads\/2022\/11\/AdobeStock_209883739-e1667927342472.jpeg","contentUrl":"https:\/\/globaldrivingstandards.org\/wp-content\/uploads\/2022\/11\/AdobeStock_209883739-e1667927342472.jpeg","width":1439,"height":615,"caption":"Sunset view heavy traffic moving at speed on UK motorway in England."},{"@type":"BreadcrumbList","@id":"https:\/\/globaldrivingstandards.org\/pt-br\/sobre-nos\/#breadcrumb","itemListElement":[{"@type":"ListItem","position":1,"name":"Home","item":"https:\/\/globaldrivingstandards.org\/pt-br\/"},{"@type":"ListItem","position":2,"name":"Sobre N\u00f3s"}]},{"@type":"WebSite","@id":"https:\/\/globaldrivingstandards.org\/pt-br\/#website","url":"https:\/\/globaldrivingstandards.org\/pt-br\/","name":"Global Driving Standards","description":"The best driving standards across the world","publisher":{"@id":"https:\/\/globaldrivingstandards.org\/pt-br\/#organization"},"potentialAction":[{"@type":"SearchAction","target":{"@type":"EntryPoint","urlTemplate":"https:\/\/globaldrivingstandards.org\/pt-br\/?s={search_term_string}"},"query-input":{"@type":"PropertyValueSpecification","valueRequired":true,"valueName":"search_term_string"}}],"inLanguage":"pt-BR"},{"@type":"Organization","@id":"https:\/\/globaldrivingstandards.org\/pt-br\/#organization","name":"Global Driving Standards","url":"https:\/\/globaldrivingstandards.org\/pt-br\/","logo":{"@type":"ImageObject","inLanguage":"pt-BR","@id":"https:\/\/globaldrivingstandards.org\/pt-br\/#\/schema\/logo\/image\/","url":"https:\/\/globaldrivingstandards.org\/wp-content\/uploads\/2022\/10\/Favicon.png","contentUrl":"https:\/\/globaldrivingstandards.org\/wp-content\/uploads\/2022\/10\/Favicon.png","width":256,"height":256,"caption":"Global Driving Standards"},"image":{"@id":"https:\/\/globaldrivingstandards.org\/pt-br\/#\/schema\/logo\/image\/"}}]}},"_links":{"self":[{"href":"https:\/\/globaldrivingstandards.org\/pt-br\/wp-json\/wp\/v2\/pages\/4315","targetHints":{"allow":["GET"]}}],"collection":[{"href":"https:\/\/globaldrivingstandards.org\/pt-br\/wp-json\/wp\/v2\/pages"}],"about":[{"href":"https:\/\/globaldrivingstandards.org\/pt-br\/wp-json\/wp\/v2\/types\/page"}],"author":[{"embeddable":true,"href":"https:\/\/globaldrivingstandards.org\/pt-br\/wp-json\/wp\/v2\/users\/1"}],"replies":[{"embeddable":true,"href":"https:\/\/globaldrivingstandards.org\/pt-br\/wp-json\/wp\/v2\/comments?post=4315"}],"version-history":[{"count":0,"href":"https:\/\/globaldrivingstandards.org\/pt-br\/wp-json\/wp\/v2\/pages\/4315\/revisions"}],"wp:featuredmedia":[{"embeddable":true,"href":"https:\/\/globaldrivingstandards.org\/pt-br\/wp-json\/wp\/v2\/media\/4316"}],"wp:attachment":[{"href":"https:\/\/globaldrivingstandards.org\/pt-br\/wp-json\/wp\/v2\/media?parent=4315"}],"curies":[{"name":"wp","href":"https:\/\/api.w.org\/{rel}","templated":true}]}}