{"id":4317,"date":"2022-06-08T09:39:58","date_gmt":"2022-06-08T09:39:58","guid":{"rendered":"https:\/\/globaldrivingstandards.test\/pagina-inicial\/"},"modified":"2025-07-10T12:17:43","modified_gmt":"2025-07-10T12:17:43","slug":"pagina-inicial","status":"publish","type":"page","link":"https:\/\/globaldrivingstandards.org\/pt-br\/","title":{"rendered":"Pagina Inicial"},"content":{"rendered":"\n<h2 class=\"wp-block-heading\">Padr\u00f5es globais e programas de certifica\u00e7\u00e3o para centros de treinamento, instrutores, empresas e motoristas.<\/h2>\n\n<p>A GDC certifica centros de treinamento e empresas, instrutores-mestres, instrutores e motoristas em todo o mundo. Se voc\u00ea est\u00e1 acessando este site, provavelmente reconhece a import\u00e2ncia de investir na seguran\u00e7a vi\u00e1ria e na condu\u00e7\u00e3o segura, obtendo uma certifica\u00e7\u00e3o para melhorar a seguran\u00e7a e a compet\u00eancia, de forma documentada e validada.<\/p>\n","protected":false},"excerpt":{"rendered":"<p>Padr\u00f5es globais e programas de certifica\u00e7\u00e3o para centros de treinamento, [&hellip;]<\/p>\n","protected":false},"author":1,"featured_media":4318,"parent":0,"menu_order":0,"comment_status":"closed","ping_status":"closed","template":"front-page.php","meta":{"_acf_changed":false,"footnotes":""},"class_list":["post-4317","page","type-page","status-publish","has-post-thumbnail","hentry"],"acf":[],"yoast_head":"<!-- This site is optimized with the Yoast SEO plugin v27.4 - https:\/\/yoast.com\/product\/yoast-seo-wordpress\/ -->\n<title>Pagina Inicial - Global Driving Standards<\/title>\n<meta name=\"description\" content=\"Padr\u00f5es globais e programas de certifica\u00e7\u00e3o para centros de treinamento, instrutores, empresas e motoristas. A GDC certifica centros de treinamento e\" \/>\n<meta name=\"robots\" content=\"noindex, follow, max-snippet:-1, max-image-preview:large, max-video-preview:-1\" \/>\n<meta property=\"og:locale\" content=\"pt_BR\" \/>\n<meta property=\"og:type\" content=\"article\" \/>\n<meta property=\"og:title\" content=\"Pagina Inicial - Global Driving Standards\" \/>\n<meta property=\"og:description\" content=\"Padr\u00f5es globais e programas de certifica\u00e7\u00e3o para centros de treinamento, instrutores, empresas e motoristas. A GDC certifica centros de treinamento e\" \/>\n<meta property=\"og:url\" content=\"https:\/\/globaldrivingstandards.org\/pt-br\/\" \/>\n<meta property=\"og:site_name\" content=\"Global Driving Standards\" \/>\n<meta property=\"article:modified_time\" content=\"2025-07-10T12:17:43+00:00\" \/>\n<meta property=\"og:image\" content=\"https:\/\/globaldrivingstandards.org\/wp-content\/uploads\/2022\/09\/AdobeStock_305022617_Preview-e1663753636704.jpeg\" \/>\n\t<meta property=\"og:image:width\" content=\"970\" \/>\n\t<meta property=\"og:image:height\" content=\"665\" \/>\n\t<meta property=\"og:image:type\" content=\"image\/jpeg\" \/>\n<meta name=\"twitter:card\" content=\"summary_large_image\" \/>\n<meta name=\"twitter:label1\" content=\"Est. tempo de leitura\" \/>\n\t<meta name=\"twitter:data1\" content=\"1 minuto\" \/>\n<script type=\"application\/ld+json\" class=\"yoast-schema-graph\">{\"@context\":\"https:\\\/\\\/schema.org\",\"@graph\":[{\"@type\":\"WebPage\",\"@id\":\"https:\\\/\\\/globaldrivingstandards.org\\\/pt-br\\\/\",\"url\":\"https:\\\/\\\/globaldrivingstandards.org\\\/pt-br\\\/\",\"name\":\"Pagina Inicial - Global Driving Standards\",\"isPartOf\":{\"@id\":\"https:\\\/\\\/globaldrivingstandards.org\\\/pt-br\\\/#website\"},\"primaryImageOfPage\":{\"@id\":\"https:\\\/\\\/globaldrivingstandards.org\\\/pt-br\\\/#primaryimage\"},\"image\":{\"@id\":\"https:\\\/\\\/globaldrivingstandards.org\\\/pt-br\\\/#primaryimage\"},\"thumbnailUrl\":\"https:\\\/\\\/globaldrivingstandards.org\\\/wp-content\\\/uploads\\\/2022\\\/09\\\/AdobeStock_305022617_Preview-e1663753636704.jpeg\",\"datePublished\":\"2022-06-08T09:39:58+00:00\",\"dateModified\":\"2025-07-10T12:17:43+00:00\",\"description\":\"Padr\u00f5es globais e programas de certifica\u00e7\u00e3o para centros de treinamento, instrutores, empresas e motoristas. A GDC certifica centros de treinamento e\",\"breadcrumb\":{\"@id\":\"https:\\\/\\\/globaldrivingstandards.org\\\/pt-br\\\/#breadcrumb\"},\"inLanguage\":\"pt-BR\",\"potentialAction\":[{\"@type\":\"ReadAction\",\"target\":[\"https:\\\/\\\/globaldrivingstandards.org\\\/pt-br\\\/\"]}]},{\"@type\":\"ImageObject\",\"inLanguage\":\"pt-BR\",\"@id\":\"https:\\\/\\\/globaldrivingstandards.org\\\/pt-br\\\/#primaryimage\",\"url\":\"https:\\\/\\\/globaldrivingstandards.org\\\/wp-content\\\/uploads\\\/2022\\\/09\\\/AdobeStock_305022617_Preview-e1663753636704.jpeg\",\"contentUrl\":\"https:\\\/\\\/globaldrivingstandards.org\\\/wp-content\\\/uploads\\\/2022\\\/09\\\/AdobeStock_305022617_Preview-e1663753636704.jpeg\",\"width\":970,\"height\":665},{\"@type\":\"BreadcrumbList\",\"@id\":\"https:\\\/\\\/globaldrivingstandards.org\\\/pt-br\\\/#breadcrumb\",\"itemListElement\":[{\"@type\":\"ListItem\",\"position\":1,\"name\":\"Home\",\"item\":\"https:\\\/\\\/globaldrivingstandards.org\\\/pt-br\\\/\"},{\"@type\":\"ListItem\",\"position\":2,\"name\":\"Pagina Inicial\"}]},{\"@type\":\"WebSite\",\"@id\":\"https:\\\/\\\/globaldrivingstandards.org\\\/pt-br\\\/#website\",\"url\":\"https:\\\/\\\/globaldrivingstandards.org\\\/pt-br\\\/\",\"name\":\"Global Driving Standards\",\"description\":\"The best driving standards across the world\",\"publisher\":{\"@id\":\"https:\\\/\\\/globaldrivingstandards.org\\\/pt-br\\\/#organization\"},\"potentialAction\":[{\"@type\":\"SearchAction\",\"target\":{\"@type\":\"EntryPoint\",\"urlTemplate\":\"https:\\\/\\\/globaldrivingstandards.org\\\/pt-br\\\/?s={search_term_string}\"},\"query-input\":{\"@type\":\"PropertyValueSpecification\",\"valueRequired\":true,\"valueName\":\"search_term_string\"}}],\"inLanguage\":\"pt-BR\"},{\"@type\":\"Organization\",\"@id\":\"https:\\\/\\\/globaldrivingstandards.org\\\/pt-br\\\/#organization\",\"name\":\"Global Driving Standards\",\"url\":\"https:\\\/\\\/globaldrivingstandards.org\\\/pt-br\\\/\",\"logo\":{\"@type\":\"ImageObject\",\"inLanguage\":\"pt-BR\",\"@id\":\"https:\\\/\\\/globaldrivingstandards.org\\\/pt-br\\\/#\\\/schema\\\/logo\\\/image\\\/\",\"url\":\"https:\\\/\\\/globaldrivingstandards.org\\\/wp-content\\\/uploads\\\/2022\\\/10\\\/Favicon.png\",\"contentUrl\":\"https:\\\/\\\/globaldrivingstandards.org\\\/wp-content\\\/uploads\\\/2022\\\/10\\\/Favicon.png\",\"width\":256,\"height\":256,\"caption\":\"Global Driving Standards\"},\"image\":{\"@id\":\"https:\\\/\\\/globaldrivingstandards.org\\\/pt-br\\\/#\\\/schema\\\/logo\\\/image\\\/\"}}]}<\/script>\n<!-- \/ Yoast SEO plugin. -->","yoast_head_json":{"title":"Pagina Inicial - Global Driving Standards","description":"Padr\u00f5es globais e programas de certifica\u00e7\u00e3o para centros de treinamento, instrutores, empresas e motoristas. A GDC certifica centros de treinamento e","robots":{"index":"noindex","follow":"follow","max-snippet":"max-snippet:-1","max-image-preview":"max-image-preview:large","max-video-preview":"max-video-preview:-1"},"og_locale":"pt_BR","og_type":"article","og_title":"Pagina Inicial - Global Driving Standards","og_description":"Padr\u00f5es globais e programas de certifica\u00e7\u00e3o para centros de treinamento, instrutores, empresas e motoristas. A GDC certifica centros de treinamento e","og_url":"https:\/\/globaldrivingstandards.org\/pt-br\/","og_site_name":"Global Driving Standards","article_modified_time":"2025-07-10T12:17:43+00:00","og_image":[{"width":970,"height":665,"url":"https:\/\/globaldrivingstandards.org\/wp-content\/uploads\/2022\/09\/AdobeStock_305022617_Preview-e1663753636704.jpeg","type":"image\/jpeg"}],"twitter_card":"summary_large_image","twitter_misc":{"Est. tempo de leitura":"1 minuto"},"schema":{"@context":"https:\/\/schema.org","@graph":[{"@type":"WebPage","@id":"https:\/\/globaldrivingstandards.org\/pt-br\/","url":"https:\/\/globaldrivingstandards.org\/pt-br\/","name":"Pagina Inicial - Global Driving Standards","isPartOf":{"@id":"https:\/\/globaldrivingstandards.org\/pt-br\/#website"},"primaryImageOfPage":{"@id":"https:\/\/globaldrivingstandards.org\/pt-br\/#primaryimage"},"image":{"@id":"https:\/\/globaldrivingstandards.org\/pt-br\/#primaryimage"},"thumbnailUrl":"https:\/\/globaldrivingstandards.org\/wp-content\/uploads\/2022\/09\/AdobeStock_305022617_Preview-e1663753636704.jpeg","datePublished":"2022-06-08T09:39:58+00:00","dateModified":"2025-07-10T12:17:43+00:00","description":"Padr\u00f5es globais e programas de certifica\u00e7\u00e3o para centros de treinamento, instrutores, empresas e motoristas. A GDC certifica centros de treinamento e","breadcrumb":{"@id":"https:\/\/globaldrivingstandards.org\/pt-br\/#breadcrumb"},"inLanguage":"pt-BR","potentialAction":[{"@type":"ReadAction","target":["https:\/\/globaldrivingstandards.org\/pt-br\/"]}]},{"@type":"ImageObject","inLanguage":"pt-BR","@id":"https:\/\/globaldrivingstandards.org\/pt-br\/#primaryimage","url":"https:\/\/globaldrivingstandards.org\/wp-content\/uploads\/2022\/09\/AdobeStock_305022617_Preview-e1663753636704.jpeg","contentUrl":"https:\/\/globaldrivingstandards.org\/wp-content\/uploads\/2022\/09\/AdobeStock_305022617_Preview-e1663753636704.jpeg","width":970,"height":665},{"@type":"BreadcrumbList","@id":"https:\/\/globaldrivingstandards.org\/pt-br\/#breadcrumb","itemListElement":[{"@type":"ListItem","position":1,"name":"Home","item":"https:\/\/globaldrivingstandards.org\/pt-br\/"},{"@type":"ListItem","position":2,"name":"Pagina Inicial"}]},{"@type":"WebSite","@id":"https:\/\/globaldrivingstandards.org\/pt-br\/#website","url":"https:\/\/globaldrivingstandards.org\/pt-br\/","name":"Global Driving Standards","description":"The best driving standards across the world","publisher":{"@id":"https:\/\/globaldrivingstandards.org\/pt-br\/#organization"},"potentialAction":[{"@type":"SearchAction","target":{"@type":"EntryPoint","urlTemplate":"https:\/\/globaldrivingstandards.org\/pt-br\/?s={search_term_string}"},"query-input":{"@type":"PropertyValueSpecification","valueRequired":true,"valueName":"search_term_string"}}],"inLanguage":"pt-BR"},{"@type":"Organization","@id":"https:\/\/globaldrivingstandards.org\/pt-br\/#organization","name":"Global Driving Standards","url":"https:\/\/globaldrivingstandards.org\/pt-br\/","logo":{"@type":"ImageObject","inLanguage":"pt-BR","@id":"https:\/\/globaldrivingstandards.org\/pt-br\/#\/schema\/logo\/image\/","url":"https:\/\/globaldrivingstandards.org\/wp-content\/uploads\/2022\/10\/Favicon.png","contentUrl":"https:\/\/globaldrivingstandards.org\/wp-content\/uploads\/2022\/10\/Favicon.png","width":256,"height":256,"caption":"Global Driving Standards"},"image":{"@id":"https:\/\/globaldrivingstandards.org\/pt-br\/#\/schema\/logo\/image\/"}}]}},"_links":{"self":[{"href":"https:\/\/globaldrivingstandards.org\/pt-br\/wp-json\/wp\/v2\/pages\/4317","targetHints":{"allow":["GET"]}}],"collection":[{"href":"https:\/\/globaldrivingstandards.org\/pt-br\/wp-json\/wp\/v2\/pages"}],"about":[{"href":"https:\/\/globaldrivingstandards.org\/pt-br\/wp-json\/wp\/v2\/types\/page"}],"author":[{"embeddable":true,"href":"https:\/\/globaldrivingstandards.org\/pt-br\/wp-json\/wp\/v2\/users\/1"}],"replies":[{"embeddable":true,"href":"https:\/\/globaldrivingstandards.org\/pt-br\/wp-json\/wp\/v2\/comments?post=4317"}],"version-history":[{"count":5,"href":"https:\/\/globaldrivingstandards.org\/pt-br\/wp-json\/wp\/v2\/pages\/4317\/revisions"}],"predecessor-version":[{"id":4392,"href":"https:\/\/globaldrivingstandards.org\/pt-br\/wp-json\/wp\/v2\/pages\/4317\/revisions\/4392"}],"wp:featuredmedia":[{"embeddable":true,"href":"https:\/\/globaldrivingstandards.org\/pt-br\/wp-json\/wp\/v2\/media\/4318"}],"wp:attachment":[{"href":"https:\/\/globaldrivingstandards.org\/pt-br\/wp-json\/wp\/v2\/media?parent=4317"}],"curies":[{"name":"wp","href":"https:\/\/api.w.org\/{rel}","templated":true}]}}