{"id":4371,"date":"2022-09-08T08:20:47","date_gmt":"2022-09-08T08:20:47","guid":{"rendered":"https:\/\/globaldrivingstandards.test\/a-certificacao\/"},"modified":"2025-07-17T16:27:33","modified_gmt":"2025-07-17T16:27:33","slug":"a-certificacao","status":"publish","type":"page","link":"https:\/\/globaldrivingstandards.org\/pt-br\/a-certificacao\/","title":{"rendered":"A certifica\u00e7\u00e3o"},"content":{"rendered":"\n<p>A GDC desenvolveu um conjunto de padr\u00f5es reconhecidos internacionalmente para dire\u00e7\u00e3o segura e treinamento de motoristas, al\u00e9m de centros de treinamento certificados, instrutores mestres, instrutores, cursos e motoristas. As normas se aplicam a todos os tipos de ve\u00edculos, incluindo motocicletas.<\/p>\n\n<p>H\u00e1 uma falta de padr\u00f5es internacionalmente reconhecidos para dire\u00e7\u00e3o segura e treinamento de motoristas. Existem padr\u00f5es rigorosos em alguns pa\u00edses e h\u00e1 algumas empresas e organiza\u00e7\u00f5es multinacionais que treinam seus funcion\u00e1rios de acordo com seus pr\u00f3prios padr\u00f5es globais elevados, onde quer que operem no mundo. No entanto, em muitos lugares, os padr\u00f5es s\u00e3o fracos ou inexistentes<\/p>\n\n<p>O GDC administra certificados de forma transparente, confi\u00e1vel e independente: os certificados s\u00e3o emitidos somente quando a ades\u00e3o aos padr\u00f5es \u00e9 comprovada e validada.<\/p>\n\n<p>Por meio de seu c\u00f3digo QR exclusivo em cada certificado, a validade de um certificado emitido pelo GDC pode ser validada a qualquer momento.<\/p>\n","protected":false},"excerpt":{"rendered":"<p>A GDC desenvolveu um conjunto de padr\u00f5es reconhecidos internacionalmente para [&hellip;]<\/p>\n","protected":false},"author":7,"featured_media":4375,"parent":0,"menu_order":0,"comment_status":"closed","ping_status":"closed","template":"","meta":{"_acf_changed":false,"footnotes":""},"class_list":["post-4371","page","type-page","status-publish","has-post-thumbnail","hentry"],"acf":[],"yoast_head":"<!-- This site is optimized with the Yoast SEO plugin v27.4 - https:\/\/yoast.com\/product\/yoast-seo-wordpress\/ -->\n<title>A certifica\u00e7\u00e3o - Global Driving Standards<\/title>\n<meta name=\"description\" content=\"A GDC desenvolveu um conjunto de padr\u00f5es reconhecidos internacionalmente para dire\u00e7\u00e3o segura e treinamento de motoristas, al\u00e9m de centros de treinamento\" \/>\n<meta name=\"robots\" content=\"noindex, follow, max-snippet:-1, max-image-preview:large, max-video-preview:-1\" \/>\n<meta property=\"og:locale\" content=\"pt_BR\" \/>\n<meta property=\"og:type\" content=\"article\" \/>\n<meta property=\"og:title\" content=\"A certifica\u00e7\u00e3o - Global Driving Standards\" \/>\n<meta property=\"og:description\" content=\"A GDC desenvolveu um conjunto de padr\u00f5es reconhecidos internacionalmente para dire\u00e7\u00e3o segura e treinamento de motoristas, al\u00e9m de centros de treinamento\" \/>\n<meta property=\"og:url\" content=\"https:\/\/globaldrivingstandards.org\/pt-br\/a-certificacao\/\" \/>\n<meta property=\"og:site_name\" content=\"Global Driving Standards\" \/>\n<meta property=\"article:modified_time\" content=\"2025-07-17T16:27:33+00:00\" \/>\n<meta property=\"og:image\" content=\"https:\/\/globaldrivingstandards.org\/wp-content\/uploads\/2022\/11\/AdobeStock_231511114.jpeg\" \/>\n\t<meta property=\"og:image:width\" content=\"1440\" \/>\n\t<meta property=\"og:image:height\" content=\"810\" \/>\n\t<meta property=\"og:image:type\" content=\"image\/jpeg\" \/>\n<meta name=\"twitter:card\" content=\"summary_large_image\" \/>\n<meta name=\"twitter:label1\" content=\"Est. tempo de leitura\" \/>\n\t<meta name=\"twitter:data1\" content=\"1 minuto\" \/>\n<script type=\"application\/ld+json\" class=\"yoast-schema-graph\">{\"@context\":\"https:\\\/\\\/schema.org\",\"@graph\":[{\"@type\":\"WebPage\",\"@id\":\"https:\\\/\\\/globaldrivingstandards.org\\\/pt-br\\\/a-certificacao\\\/\",\"url\":\"https:\\\/\\\/globaldrivingstandards.org\\\/pt-br\\\/a-certificacao\\\/\",\"name\":\"A certifica\u00e7\u00e3o - Global Driving Standards\",\"isPartOf\":{\"@id\":\"https:\\\/\\\/globaldrivingstandards.org\\\/pt-br\\\/#website\"},\"primaryImageOfPage\":{\"@id\":\"https:\\\/\\\/globaldrivingstandards.org\\\/pt-br\\\/a-certificacao\\\/#primaryimage\"},\"image\":{\"@id\":\"https:\\\/\\\/globaldrivingstandards.org\\\/pt-br\\\/a-certificacao\\\/#primaryimage\"},\"thumbnailUrl\":\"https:\\\/\\\/globaldrivingstandards.org\\\/wp-content\\\/uploads\\\/2022\\\/11\\\/AdobeStock_231511114.jpeg\",\"datePublished\":\"2022-09-08T08:20:47+00:00\",\"dateModified\":\"2025-07-17T16:27:33+00:00\",\"description\":\"A GDC desenvolveu um conjunto de padr\u00f5es reconhecidos internacionalmente para dire\u00e7\u00e3o segura e treinamento de motoristas, al\u00e9m de centros de treinamento\",\"breadcrumb\":{\"@id\":\"https:\\\/\\\/globaldrivingstandards.org\\\/pt-br\\\/a-certificacao\\\/#breadcrumb\"},\"inLanguage\":\"pt-BR\",\"potentialAction\":[{\"@type\":\"ReadAction\",\"target\":[\"https:\\\/\\\/globaldrivingstandards.org\\\/pt-br\\\/a-certificacao\\\/\"]}]},{\"@type\":\"ImageObject\",\"inLanguage\":\"pt-BR\",\"@id\":\"https:\\\/\\\/globaldrivingstandards.org\\\/pt-br\\\/a-certificacao\\\/#primaryimage\",\"url\":\"https:\\\/\\\/globaldrivingstandards.org\\\/wp-content\\\/uploads\\\/2022\\\/11\\\/AdobeStock_231511114.jpeg\",\"contentUrl\":\"https:\\\/\\\/globaldrivingstandards.org\\\/wp-content\\\/uploads\\\/2022\\\/11\\\/AdobeStock_231511114.jpeg\",\"width\":1440,\"height\":810},{\"@type\":\"BreadcrumbList\",\"@id\":\"https:\\\/\\\/globaldrivingstandards.org\\\/pt-br\\\/a-certificacao\\\/#breadcrumb\",\"itemListElement\":[{\"@type\":\"ListItem\",\"position\":1,\"name\":\"Home\",\"item\":\"https:\\\/\\\/globaldrivingstandards.org\\\/pt-br\\\/\"},{\"@type\":\"ListItem\",\"position\":2,\"name\":\"A certifica\u00e7\u00e3o\"}]},{\"@type\":\"WebSite\",\"@id\":\"https:\\\/\\\/globaldrivingstandards.org\\\/pt-br\\\/#website\",\"url\":\"https:\\\/\\\/globaldrivingstandards.org\\\/pt-br\\\/\",\"name\":\"Global Driving Standards\",\"description\":\"The best driving standards across the world\",\"publisher\":{\"@id\":\"https:\\\/\\\/globaldrivingstandards.org\\\/pt-br\\\/#organization\"},\"potentialAction\":[{\"@type\":\"SearchAction\",\"target\":{\"@type\":\"EntryPoint\",\"urlTemplate\":\"https:\\\/\\\/globaldrivingstandards.org\\\/pt-br\\\/?s={search_term_string}\"},\"query-input\":{\"@type\":\"PropertyValueSpecification\",\"valueRequired\":true,\"valueName\":\"search_term_string\"}}],\"inLanguage\":\"pt-BR\"},{\"@type\":\"Organization\",\"@id\":\"https:\\\/\\\/globaldrivingstandards.org\\\/pt-br\\\/#organization\",\"name\":\"Global Driving Standards\",\"url\":\"https:\\\/\\\/globaldrivingstandards.org\\\/pt-br\\\/\",\"logo\":{\"@type\":\"ImageObject\",\"inLanguage\":\"pt-BR\",\"@id\":\"https:\\\/\\\/globaldrivingstandards.org\\\/pt-br\\\/#\\\/schema\\\/logo\\\/image\\\/\",\"url\":\"https:\\\/\\\/globaldrivingstandards.org\\\/wp-content\\\/uploads\\\/2022\\\/10\\\/Favicon.png\",\"contentUrl\":\"https:\\\/\\\/globaldrivingstandards.org\\\/wp-content\\\/uploads\\\/2022\\\/10\\\/Favicon.png\",\"width\":256,\"height\":256,\"caption\":\"Global Driving Standards\"},\"image\":{\"@id\":\"https:\\\/\\\/globaldrivingstandards.org\\\/pt-br\\\/#\\\/schema\\\/logo\\\/image\\\/\"}}]}<\/script>\n<!-- \/ Yoast SEO plugin. -->","yoast_head_json":{"title":"A certifica\u00e7\u00e3o - Global Driving Standards","description":"A GDC desenvolveu um conjunto de padr\u00f5es reconhecidos internacionalmente para dire\u00e7\u00e3o segura e treinamento de motoristas, al\u00e9m de centros de treinamento","robots":{"index":"noindex","follow":"follow","max-snippet":"max-snippet:-1","max-image-preview":"max-image-preview:large","max-video-preview":"max-video-preview:-1"},"og_locale":"pt_BR","og_type":"article","og_title":"A certifica\u00e7\u00e3o - Global Driving Standards","og_description":"A GDC desenvolveu um conjunto de padr\u00f5es reconhecidos internacionalmente para dire\u00e7\u00e3o segura e treinamento de motoristas, al\u00e9m de centros de treinamento","og_url":"https:\/\/globaldrivingstandards.org\/pt-br\/a-certificacao\/","og_site_name":"Global Driving Standards","article_modified_time":"2025-07-17T16:27:33+00:00","og_image":[{"width":1440,"height":810,"url":"https:\/\/globaldrivingstandards.org\/wp-content\/uploads\/2022\/11\/AdobeStock_231511114.jpeg","type":"image\/jpeg"}],"twitter_card":"summary_large_image","twitter_misc":{"Est. tempo de leitura":"1 minuto"},"schema":{"@context":"https:\/\/schema.org","@graph":[{"@type":"WebPage","@id":"https:\/\/globaldrivingstandards.org\/pt-br\/a-certificacao\/","url":"https:\/\/globaldrivingstandards.org\/pt-br\/a-certificacao\/","name":"A certifica\u00e7\u00e3o - Global Driving Standards","isPartOf":{"@id":"https:\/\/globaldrivingstandards.org\/pt-br\/#website"},"primaryImageOfPage":{"@id":"https:\/\/globaldrivingstandards.org\/pt-br\/a-certificacao\/#primaryimage"},"image":{"@id":"https:\/\/globaldrivingstandards.org\/pt-br\/a-certificacao\/#primaryimage"},"thumbnailUrl":"https:\/\/globaldrivingstandards.org\/wp-content\/uploads\/2022\/11\/AdobeStock_231511114.jpeg","datePublished":"2022-09-08T08:20:47+00:00","dateModified":"2025-07-17T16:27:33+00:00","description":"A GDC desenvolveu um conjunto de padr\u00f5es reconhecidos internacionalmente para dire\u00e7\u00e3o segura e treinamento de motoristas, al\u00e9m de centros de treinamento","breadcrumb":{"@id":"https:\/\/globaldrivingstandards.org\/pt-br\/a-certificacao\/#breadcrumb"},"inLanguage":"pt-BR","potentialAction":[{"@type":"ReadAction","target":["https:\/\/globaldrivingstandards.org\/pt-br\/a-certificacao\/"]}]},{"@type":"ImageObject","inLanguage":"pt-BR","@id":"https:\/\/globaldrivingstandards.org\/pt-br\/a-certificacao\/#primaryimage","url":"https:\/\/globaldrivingstandards.org\/wp-content\/uploads\/2022\/11\/AdobeStock_231511114.jpeg","contentUrl":"https:\/\/globaldrivingstandards.org\/wp-content\/uploads\/2022\/11\/AdobeStock_231511114.jpeg","width":1440,"height":810},{"@type":"BreadcrumbList","@id":"https:\/\/globaldrivingstandards.org\/pt-br\/a-certificacao\/#breadcrumb","itemListElement":[{"@type":"ListItem","position":1,"name":"Home","item":"https:\/\/globaldrivingstandards.org\/pt-br\/"},{"@type":"ListItem","position":2,"name":"A certifica\u00e7\u00e3o"}]},{"@type":"WebSite","@id":"https:\/\/globaldrivingstandards.org\/pt-br\/#website","url":"https:\/\/globaldrivingstandards.org\/pt-br\/","name":"Global Driving Standards","description":"The best driving standards across the world","publisher":{"@id":"https:\/\/globaldrivingstandards.org\/pt-br\/#organization"},"potentialAction":[{"@type":"SearchAction","target":{"@type":"EntryPoint","urlTemplate":"https:\/\/globaldrivingstandards.org\/pt-br\/?s={search_term_string}"},"query-input":{"@type":"PropertyValueSpecification","valueRequired":true,"valueName":"search_term_string"}}],"inLanguage":"pt-BR"},{"@type":"Organization","@id":"https:\/\/globaldrivingstandards.org\/pt-br\/#organization","name":"Global Driving Standards","url":"https:\/\/globaldrivingstandards.org\/pt-br\/","logo":{"@type":"ImageObject","inLanguage":"pt-BR","@id":"https:\/\/globaldrivingstandards.org\/pt-br\/#\/schema\/logo\/image\/","url":"https:\/\/globaldrivingstandards.org\/wp-content\/uploads\/2022\/10\/Favicon.png","contentUrl":"https:\/\/globaldrivingstandards.org\/wp-content\/uploads\/2022\/10\/Favicon.png","width":256,"height":256,"caption":"Global Driving Standards"},"image":{"@id":"https:\/\/globaldrivingstandards.org\/pt-br\/#\/schema\/logo\/image\/"}}]}},"_links":{"self":[{"href":"https:\/\/globaldrivingstandards.org\/pt-br\/wp-json\/wp\/v2\/pages\/4371","targetHints":{"allow":["GET"]}}],"collection":[{"href":"https:\/\/globaldrivingstandards.org\/pt-br\/wp-json\/wp\/v2\/pages"}],"about":[{"href":"https:\/\/globaldrivingstandards.org\/pt-br\/wp-json\/wp\/v2\/types\/page"}],"author":[{"embeddable":true,"href":"https:\/\/globaldrivingstandards.org\/pt-br\/wp-json\/wp\/v2\/users\/7"}],"replies":[{"embeddable":true,"href":"https:\/\/globaldrivingstandards.org\/pt-br\/wp-json\/wp\/v2\/comments?post=4371"}],"version-history":[{"count":2,"href":"https:\/\/globaldrivingstandards.org\/pt-br\/wp-json\/wp\/v2\/pages\/4371\/revisions"}],"predecessor-version":[{"id":4493,"href":"https:\/\/globaldrivingstandards.org\/pt-br\/wp-json\/wp\/v2\/pages\/4371\/revisions\/4493"}],"wp:featuredmedia":[{"embeddable":true,"href":"https:\/\/globaldrivingstandards.org\/pt-br\/wp-json\/wp\/v2\/media\/4375"}],"wp:attachment":[{"href":"https:\/\/globaldrivingstandards.org\/pt-br\/wp-json\/wp\/v2\/media?parent=4371"}],"curies":[{"name":"wp","href":"https:\/\/api.w.org\/{rel}","templated":true}]}}