{"id":4408,"date":"2022-10-13T09:57:20","date_gmt":"2022-10-13T09:57:20","guid":{"rendered":"https:\/\/globaldrivingstandards.test\/areas-de-foco-para-motoristas\/"},"modified":"2025-07-17T17:48:04","modified_gmt":"2025-07-17T17:48:04","slug":"areas-de-foco-para-motoristas","status":"publish","type":"page","link":"https:\/\/globaldrivingstandards.org\/pt-br\/areas-de-foco-para-motoristas\/","title":{"rendered":"\u00c1reas de foco para motoristas"},"content":{"rendered":"\n<h2 class=\"wp-block-heading\">1 Direito de dirigir ou andar de bicicleta<\/h2>\n\n<p>Os motoristas devem ter autoriza\u00e7\u00e3o legal para dirigir ou andar de bicicleta<\/p>\n\n<ul class=\"wp-block-list\">\n<li>O condutor deve ter uma carteira de habilita\u00e7\u00e3o v\u00e1lida<\/li>\n\n\n\n<li>O motorista deve atender aos requisitos legais de vis\u00e3o para dirigir ou andar de bicicleta<\/li>\n<\/ul>\n\n<h2 class=\"wp-block-heading\">2 Conhecimento de dire\u00e7\u00e3o<\/h2>\n\n<p>Motoristas e passageiros devem ser capazes de demonstrar um bom entendimento do seguinte:<\/p>\n\n<ul class=\"wp-block-list\">\n<li>Leis e regulamentos locais relacionados \u00e0 dire\u00e7\u00e3o\n<ul class=\"wp-block-list\">\n<li>Documenta\u00e7\u00e3o de condu\u00e7\u00e3o necess\u00e1ria<\/li>\n\n\n\n<li>Limites de velocidade<\/li>\n\n\n\n<li>Placas de tr\u00e2nsito <\/li>\n\n\n\n<li>Cruzamentos rodovi\u00e1rios e prioridades<\/li>\n<\/ul>\n<\/li>\n\n\n\n<li>Perigos na Condu\u00e7\u00e3o\n<ul class=\"wp-block-list\">\n<li>Impacto das Condi\u00e7\u00f5es Clim\u00e1ticas<\/li>\n\n\n\n<li>Tipos de Estradas<\/li>\n\n\n\n<li>Distractions<\/li>\n<\/ul>\n<\/li>\n\n\n\n<li>Aptid\u00e3o para Dirigir ou PilotarFitness to drive or ride\n<ul class=\"wp-block-list\">\n<li>Fadiga<\/li>\n\n\n\n<li>\u00c1lcool<\/li>\n\n\n\n<li>Drogas Il\u00edcitas<\/li>\n\n\n\n<li>Medicamentos<\/li>\n\n\n\n<li>Vis\u00e3o<\/li>\n\n\n\n<li>Sa\u00fade<\/li>\n<\/ul>\n<\/li>\n\n\n\n<li>Gest\u00e3o da Viagem\n<ul class=\"wp-block-list\">\n<li> Planejamento de Rota<\/li>\n\n\n\n<li>Paradas para Descanso<\/li>\n<\/ul>\n<\/li>\n\n\n\n<li>Recursos de Seguran\u00e7a do Ve\u00edculo\n<ul class=\"wp-block-list\">\n<li>Cintos de Seguran\u00e7a<\/li>\n\n\n\n<li>Apoios de Cabe\u00e7a<\/li>\n\n\n\n<li>Airbags<\/li>\n\n\n\n<li>ABS (Sistema de Freios Antibloqueio)<\/li>\n\n\n\n<li>Recursos de Ve\u00edculos Aut\u00f4nomos (quando aplic\u00e1vel)<\/li>\n\n\n\n<li>Ve\u00edculos El\u00e9tricos (quando aplic\u00e1vel)<\/li>\n\n\n\n<li>Ve\u00edculos de 2 Rodas (quando aplic\u00e1vel)<\/li>\n<\/ul>\n<\/li>\n\n\n\n<li>Verifica\u00e7\u00f5es do Ve\u00edculo\n<ul class=\"wp-block-list\">\n<li>Verifica\u00e7\u00f5es di\u00e1rias do ve\u00edculo<\/li>\n\n\n\n<li>Ajuste da posi\u00e7\u00e3o de dirigir<\/li>\n<\/ul>\n<\/li>\n<\/ul>\n\n<h2 class=\"wp-block-heading\">3 Atitude ao Dirigir e Pilotar<\/h2>\n\n<p>Condutores devem demonstrar autoconsci\u00eancia de sua capacidade como condutor e exibir uma atitude cooperativa com os demais usu\u00e1rios da via.<\/p>\n\n<ul class=\"wp-block-list\">\n<li>Autoconsci\u00eancia da capacidade<\/li>\n\n\n\n<li>Atitude positiva com os outros usu\u00e1rios da via<\/li>\n\n\n\n<li>Atitude positiva com os outros usu\u00e1rios da via <\/li>\n\n\n\n<li>Atitude ponderada em rela\u00e7\u00e3o ao risco<\/li>\n<\/ul>\n\n<h2 class=\"wp-block-heading\">4 Controle do Ve\u00edculo e Compet\u00eancia em Dire\u00e7\u00e3o Defensiva<\/h2>\n\n<p>Condutores devem ser capazes de demonstrar as seguintes habilidades e compet\u00eancias ao dirigir:<\/p>\n\n<ul class=\"wp-block-list\">\n<li>Uso dos controles\n<ul class=\"wp-block-list\">\n<li>Posicionamento seguro das m\u00e3os e controle da dire\u00e7\u00e3o<\/li>\n\n\n\n<li>Acelerar de forma apropriada<\/li>\n\n\n\n<li>Uso adequado das marchas<\/li>\n\n\n\n<li>Controle da embreagem<\/li>\n\n\n\n<li>Uso adequado dos freios<\/li>\n\n\n\n<li>Uso correto do freio para estacionar<\/li>\n<\/ul>\n<\/li>\n\n\n\n<li>Desempenho ao Dirigir\n<ul class=\"wp-block-list\">\n<li>Arrancar com seguran\u00e7a<\/li>\n\n\n\n<li>Observa\u00e7\u00e3o da dist\u00e2ncia \u00e0 frente<\/li>\n\n\n\n<li>Uso eficaz dos espelhos<\/li>\n\n\n\n<li>Sinaliza\u00e7\u00e3o correta<\/li>\n\n\n\n<li>Manter dist\u00e2ncia segura de frenagem<\/li>\n\n\n\n<li>Frenagem segura<\/li>\n\n\n\n<li>Uso da velocidade com seguran\u00e7a<\/li>\n\n\n\n<li>Realiza\u00e7\u00e3o de curvas com seguran\u00e7a<\/li>\n\n\n\n<li>Posicionamento do ve\u00edculo<\/li>\n\n\n\n<li>Ultrapassagem segura<\/li>\n\n\n\n<li>Manobrar de r\u00e9 com seguran\u00e7a e sob controle<\/li>\n\n\n\n<li>Estacionamento de r\u00e9 com seguran\u00e7a<\/li>\n<\/ul>\n<\/li>\n<\/ul>\n\n<ul class=\"wp-block-list\">\n<li>Desempenho ao Dirigir\n<ul class=\"wp-block-list\">\n<li>Arrancar com seguran\u00e7a<\/li>\n\n\n\n<li>Observa\u00e7\u00e3o da dist\u00e2ncia \u00e0 frente<\/li>\n\n\n\n<li>Uso eficaz dos espelhos<\/li>\n\n\n\n<li>Sinaliza\u00e7\u00e3o correta<\/li>\n\n\n\n<li>Manter dist\u00e2ncia segura de frenagem<\/li>\n\n\n\n<li>Frenagem segura<\/li>\n\n\n\n<li>Uso da velocidade com seguran\u00e7a<\/li>\n\n\n\n<li>Realiza\u00e7\u00e3o de curvas com seguran\u00e7a<\/li>\n\n\n\n<li>Posicionamento do ve\u00edculo<\/li>\n\n\n\n<li>Ultrapassagem segura<\/li>\n\n\n\n<li>Manobrar de r\u00e9 com seguran\u00e7a e sob controle<\/li>\n\n\n\n<li>Estacionamento de r\u00e9 com seguran\u00e7a<\/li>\n<\/ul>\n<\/li>\n\n\n\n<li>Comportamento ao dirigir\n<ul class=\"wp-block-list\">\n<li>Prepara\u00e7\u00e3o antes de dirigir<\/li>\n\n\n\n<li>Explora\u00e7\u00e3o visual, vis\u00e3o clara e perif\u00e9rica<\/li>\n\n\n\n<li>Percep\u00e7\u00e3o dos pontos cegos<\/li>\n\n\n\n<li>Linha de vis\u00e3o e ponto de fuga<\/li>\n\n\n\n<li>Reconhecimento de perigos, planejamento antecipado e preven\u00e7\u00e3o<\/li>\n\n\n\n<li>Avaliar a velocidade<\/li>\n\n\n\n<li>Concentra\u00e7\u00e3o<\/li>\n\n\n\n<li>Considera\u00e7\u00e3o pelos outros usu\u00e1rios vulner\u00e1veis da via<\/li>\n\n\n\n<li>Temperamento<\/li>\n\n\n\n<li>Zelo com o ve\u00edculo<\/li>\n<\/ul>\n<\/li>\n<\/ul>\n\n<h2 class=\"wp-block-heading\">Certifica\u00e7\u00e3o<\/h2>\n\n<p>A certifica\u00e7\u00e3o ser\u00e1 realizada por uma organiza\u00e7\u00e3o aprovada pela GDC, que avaliar\u00e1 o condutor ou condutor de acordo com este padr\u00e3o, utilizando uma ficha de avalia\u00e7\u00e3o aprovada. O Certificado ser\u00e1 concedido pela GDC ap\u00f3s a conclus\u00e3o de uma avalia\u00e7\u00e3o bem-sucedida. <\/p>\n","protected":false},"excerpt":{"rendered":"<p>1 Direito de dirigir ou andar de bicicleta Os motoristas [&hellip;]<\/p>\n","protected":false},"author":7,"featured_media":4350,"parent":0,"menu_order":0,"comment_status":"closed","ping_status":"closed","template":"","meta":{"_acf_changed":false,"footnotes":""},"class_list":["post-4408","page","type-page","status-publish","has-post-thumbnail","hentry"],"acf":[],"yoast_head":"<!-- This site is optimized with the Yoast SEO plugin v27.4 - https:\/\/yoast.com\/product\/yoast-seo-wordpress\/ -->\n<title>\u00c1reas de foco para motoristas - Global Driving Standards<\/title>\n<meta name=\"description\" content=\"1 Direito de dirigir ou andar de bicicleta Os motoristas devem ter autoriza\u00e7\u00e3o legal para dirigir ou andar de bicicleta O condutor deve ter uma carteira\" \/>\n<meta name=\"robots\" content=\"noindex, follow, max-snippet:-1, max-image-preview:large, max-video-preview:-1\" \/>\n<meta property=\"og:locale\" content=\"pt_BR\" \/>\n<meta property=\"og:type\" content=\"article\" \/>\n<meta property=\"og:title\" content=\"\u00c1reas de foco para motoristas - Global Driving Standards\" \/>\n<meta property=\"og:description\" content=\"1 Direito de dirigir ou andar de bicicleta Os motoristas devem ter autoriza\u00e7\u00e3o legal para dirigir ou andar de bicicleta O condutor deve ter uma carteira\" \/>\n<meta property=\"og:url\" content=\"https:\/\/globaldrivingstandards.org\/pt-br\/areas-de-foco-para-motoristas\/\" \/>\n<meta property=\"og:site_name\" content=\"Global Driving Standards\" \/>\n<meta property=\"article:modified_time\" content=\"2025-07-17T17:48:04+00:00\" \/>\n<meta property=\"og:image\" content=\"https:\/\/globaldrivingstandards.org\/wp-content\/uploads\/2022\/11\/AdobeStock_215615356-1-e1667927984460.jpeg\" \/>\n\t<meta property=\"og:image:width\" content=\"1439\" \/>\n\t<meta property=\"og:image:height\" content=\"615\" \/>\n\t<meta property=\"og:image:type\" content=\"image\/jpeg\" \/>\n<meta name=\"twitter:card\" content=\"summary_large_image\" \/>\n<meta name=\"twitter:label1\" content=\"Est. tempo de leitura\" \/>\n\t<meta name=\"twitter:data1\" content=\"2 minutos\" \/>\n<script type=\"application\/ld+json\" class=\"yoast-schema-graph\">{\"@context\":\"https:\\\/\\\/schema.org\",\"@graph\":[{\"@type\":\"WebPage\",\"@id\":\"https:\\\/\\\/globaldrivingstandards.org\\\/pt-br\\\/areas-de-foco-para-motoristas\\\/\",\"url\":\"https:\\\/\\\/globaldrivingstandards.org\\\/pt-br\\\/areas-de-foco-para-motoristas\\\/\",\"name\":\"\u00c1reas de foco para motoristas - Global Driving Standards\",\"isPartOf\":{\"@id\":\"https:\\\/\\\/globaldrivingstandards.org\\\/pt-br\\\/#website\"},\"primaryImageOfPage\":{\"@id\":\"https:\\\/\\\/globaldrivingstandards.org\\\/pt-br\\\/areas-de-foco-para-motoristas\\\/#primaryimage\"},\"image\":{\"@id\":\"https:\\\/\\\/globaldrivingstandards.org\\\/pt-br\\\/areas-de-foco-para-motoristas\\\/#primaryimage\"},\"thumbnailUrl\":\"https:\\\/\\\/globaldrivingstandards.org\\\/wp-content\\\/uploads\\\/2022\\\/11\\\/AdobeStock_215615356-1-e1667927984460.jpeg\",\"datePublished\":\"2022-10-13T09:57:20+00:00\",\"dateModified\":\"2025-07-17T17:48:04+00:00\",\"description\":\"1 Direito de dirigir ou andar de bicicleta Os motoristas devem ter autoriza\u00e7\u00e3o legal para dirigir ou andar de bicicleta O condutor deve ter uma carteira\",\"breadcrumb\":{\"@id\":\"https:\\\/\\\/globaldrivingstandards.org\\\/pt-br\\\/areas-de-foco-para-motoristas\\\/#breadcrumb\"},\"inLanguage\":\"pt-BR\",\"potentialAction\":[{\"@type\":\"ReadAction\",\"target\":[\"https:\\\/\\\/globaldrivingstandards.org\\\/pt-br\\\/areas-de-foco-para-motoristas\\\/\"]}]},{\"@type\":\"ImageObject\",\"inLanguage\":\"pt-BR\",\"@id\":\"https:\\\/\\\/globaldrivingstandards.org\\\/pt-br\\\/areas-de-foco-para-motoristas\\\/#primaryimage\",\"url\":\"https:\\\/\\\/globaldrivingstandards.org\\\/wp-content\\\/uploads\\\/2022\\\/11\\\/AdobeStock_215615356-1-e1667927984460.jpeg\",\"contentUrl\":\"https:\\\/\\\/globaldrivingstandards.org\\\/wp-content\\\/uploads\\\/2022\\\/11\\\/AdobeStock_215615356-1-e1667927984460.jpeg\",\"width\":1439,\"height\":615},{\"@type\":\"BreadcrumbList\",\"@id\":\"https:\\\/\\\/globaldrivingstandards.org\\\/pt-br\\\/areas-de-foco-para-motoristas\\\/#breadcrumb\",\"itemListElement\":[{\"@type\":\"ListItem\",\"position\":1,\"name\":\"Home\",\"item\":\"https:\\\/\\\/globaldrivingstandards.org\\\/pt-br\\\/\"},{\"@type\":\"ListItem\",\"position\":2,\"name\":\"\u00c1reas de foco para motoristas\"}]},{\"@type\":\"WebSite\",\"@id\":\"https:\\\/\\\/globaldrivingstandards.org\\\/pt-br\\\/#website\",\"url\":\"https:\\\/\\\/globaldrivingstandards.org\\\/pt-br\\\/\",\"name\":\"Global Driving Standards\",\"description\":\"The best driving standards across the world\",\"publisher\":{\"@id\":\"https:\\\/\\\/globaldrivingstandards.org\\\/pt-br\\\/#organization\"},\"potentialAction\":[{\"@type\":\"SearchAction\",\"target\":{\"@type\":\"EntryPoint\",\"urlTemplate\":\"https:\\\/\\\/globaldrivingstandards.org\\\/pt-br\\\/?s={search_term_string}\"},\"query-input\":{\"@type\":\"PropertyValueSpecification\",\"valueRequired\":true,\"valueName\":\"search_term_string\"}}],\"inLanguage\":\"pt-BR\"},{\"@type\":\"Organization\",\"@id\":\"https:\\\/\\\/globaldrivingstandards.org\\\/pt-br\\\/#organization\",\"name\":\"Global Driving Standards\",\"url\":\"https:\\\/\\\/globaldrivingstandards.org\\\/pt-br\\\/\",\"logo\":{\"@type\":\"ImageObject\",\"inLanguage\":\"pt-BR\",\"@id\":\"https:\\\/\\\/globaldrivingstandards.org\\\/pt-br\\\/#\\\/schema\\\/logo\\\/image\\\/\",\"url\":\"https:\\\/\\\/globaldrivingstandards.org\\\/wp-content\\\/uploads\\\/2022\\\/10\\\/Favicon.png\",\"contentUrl\":\"https:\\\/\\\/globaldrivingstandards.org\\\/wp-content\\\/uploads\\\/2022\\\/10\\\/Favicon.png\",\"width\":256,\"height\":256,\"caption\":\"Global Driving Standards\"},\"image\":{\"@id\":\"https:\\\/\\\/globaldrivingstandards.org\\\/pt-br\\\/#\\\/schema\\\/logo\\\/image\\\/\"}}]}<\/script>\n<!-- \/ Yoast SEO plugin. -->","yoast_head_json":{"title":"\u00c1reas de foco para motoristas - Global Driving Standards","description":"1 Direito de dirigir ou andar de bicicleta Os motoristas devem ter autoriza\u00e7\u00e3o legal para dirigir ou andar de bicicleta O condutor deve ter uma carteira","robots":{"index":"noindex","follow":"follow","max-snippet":"max-snippet:-1","max-image-preview":"max-image-preview:large","max-video-preview":"max-video-preview:-1"},"og_locale":"pt_BR","og_type":"article","og_title":"\u00c1reas de foco para motoristas - Global Driving Standards","og_description":"1 Direito de dirigir ou andar de bicicleta Os motoristas devem ter autoriza\u00e7\u00e3o legal para dirigir ou andar de bicicleta O condutor deve ter uma carteira","og_url":"https:\/\/globaldrivingstandards.org\/pt-br\/areas-de-foco-para-motoristas\/","og_site_name":"Global Driving Standards","article_modified_time":"2025-07-17T17:48:04+00:00","og_image":[{"width":1439,"height":615,"url":"https:\/\/globaldrivingstandards.org\/wp-content\/uploads\/2022\/11\/AdobeStock_215615356-1-e1667927984460.jpeg","type":"image\/jpeg"}],"twitter_card":"summary_large_image","twitter_misc":{"Est. tempo de leitura":"2 minutos"},"schema":{"@context":"https:\/\/schema.org","@graph":[{"@type":"WebPage","@id":"https:\/\/globaldrivingstandards.org\/pt-br\/areas-de-foco-para-motoristas\/","url":"https:\/\/globaldrivingstandards.org\/pt-br\/areas-de-foco-para-motoristas\/","name":"\u00c1reas de foco para motoristas - Global Driving Standards","isPartOf":{"@id":"https:\/\/globaldrivingstandards.org\/pt-br\/#website"},"primaryImageOfPage":{"@id":"https:\/\/globaldrivingstandards.org\/pt-br\/areas-de-foco-para-motoristas\/#primaryimage"},"image":{"@id":"https:\/\/globaldrivingstandards.org\/pt-br\/areas-de-foco-para-motoristas\/#primaryimage"},"thumbnailUrl":"https:\/\/globaldrivingstandards.org\/wp-content\/uploads\/2022\/11\/AdobeStock_215615356-1-e1667927984460.jpeg","datePublished":"2022-10-13T09:57:20+00:00","dateModified":"2025-07-17T17:48:04+00:00","description":"1 Direito de dirigir ou andar de bicicleta Os motoristas devem ter autoriza\u00e7\u00e3o legal para dirigir ou andar de bicicleta O condutor deve ter uma carteira","breadcrumb":{"@id":"https:\/\/globaldrivingstandards.org\/pt-br\/areas-de-foco-para-motoristas\/#breadcrumb"},"inLanguage":"pt-BR","potentialAction":[{"@type":"ReadAction","target":["https:\/\/globaldrivingstandards.org\/pt-br\/areas-de-foco-para-motoristas\/"]}]},{"@type":"ImageObject","inLanguage":"pt-BR","@id":"https:\/\/globaldrivingstandards.org\/pt-br\/areas-de-foco-para-motoristas\/#primaryimage","url":"https:\/\/globaldrivingstandards.org\/wp-content\/uploads\/2022\/11\/AdobeStock_215615356-1-e1667927984460.jpeg","contentUrl":"https:\/\/globaldrivingstandards.org\/wp-content\/uploads\/2022\/11\/AdobeStock_215615356-1-e1667927984460.jpeg","width":1439,"height":615},{"@type":"BreadcrumbList","@id":"https:\/\/globaldrivingstandards.org\/pt-br\/areas-de-foco-para-motoristas\/#breadcrumb","itemListElement":[{"@type":"ListItem","position":1,"name":"Home","item":"https:\/\/globaldrivingstandards.org\/pt-br\/"},{"@type":"ListItem","position":2,"name":"\u00c1reas de foco para motoristas"}]},{"@type":"WebSite","@id":"https:\/\/globaldrivingstandards.org\/pt-br\/#website","url":"https:\/\/globaldrivingstandards.org\/pt-br\/","name":"Global Driving Standards","description":"The best driving standards across the world","publisher":{"@id":"https:\/\/globaldrivingstandards.org\/pt-br\/#organization"},"potentialAction":[{"@type":"SearchAction","target":{"@type":"EntryPoint","urlTemplate":"https:\/\/globaldrivingstandards.org\/pt-br\/?s={search_term_string}"},"query-input":{"@type":"PropertyValueSpecification","valueRequired":true,"valueName":"search_term_string"}}],"inLanguage":"pt-BR"},{"@type":"Organization","@id":"https:\/\/globaldrivingstandards.org\/pt-br\/#organization","name":"Global Driving Standards","url":"https:\/\/globaldrivingstandards.org\/pt-br\/","logo":{"@type":"ImageObject","inLanguage":"pt-BR","@id":"https:\/\/globaldrivingstandards.org\/pt-br\/#\/schema\/logo\/image\/","url":"https:\/\/globaldrivingstandards.org\/wp-content\/uploads\/2022\/10\/Favicon.png","contentUrl":"https:\/\/globaldrivingstandards.org\/wp-content\/uploads\/2022\/10\/Favicon.png","width":256,"height":256,"caption":"Global Driving Standards"},"image":{"@id":"https:\/\/globaldrivingstandards.org\/pt-br\/#\/schema\/logo\/image\/"}}]}},"_links":{"self":[{"href":"https:\/\/globaldrivingstandards.org\/pt-br\/wp-json\/wp\/v2\/pages\/4408","targetHints":{"allow":["GET"]}}],"collection":[{"href":"https:\/\/globaldrivingstandards.org\/pt-br\/wp-json\/wp\/v2\/pages"}],"about":[{"href":"https:\/\/globaldrivingstandards.org\/pt-br\/wp-json\/wp\/v2\/types\/page"}],"author":[{"embeddable":true,"href":"https:\/\/globaldrivingstandards.org\/pt-br\/wp-json\/wp\/v2\/users\/7"}],"replies":[{"embeddable":true,"href":"https:\/\/globaldrivingstandards.org\/pt-br\/wp-json\/wp\/v2\/comments?post=4408"}],"version-history":[{"count":5,"href":"https:\/\/globaldrivingstandards.org\/pt-br\/wp-json\/wp\/v2\/pages\/4408\/revisions"}],"predecessor-version":[{"id":4536,"href":"https:\/\/globaldrivingstandards.org\/pt-br\/wp-json\/wp\/v2\/pages\/4408\/revisions\/4536"}],"wp:featuredmedia":[{"embeddable":true,"href":"https:\/\/globaldrivingstandards.org\/pt-br\/wp-json\/wp\/v2\/media\/4350"}],"wp:attachment":[{"href":"https:\/\/globaldrivingstandards.org\/pt-br\/wp-json\/wp\/v2\/media?parent=4408"}],"curies":[{"name":"wp","href":"https:\/\/api.w.org\/{rel}","templated":true}]}}