{"id":4460,"date":"2022-09-07T16:14:01","date_gmt":"2022-09-07T16:14:01","guid":{"rendered":"https:\/\/globaldrivingstandards.test\/nossa-abordagem-para-provedores-de-treinamento\/"},"modified":"2025-07-10T14:57:08","modified_gmt":"2025-07-10T14:57:08","slug":"nossa-abordagem-para-provedores-de-treinamento","status":"publish","type":"page","link":"https:\/\/globaldrivingstandards.org\/pt-br\/nossa-abordagem-para-provedores-de-treinamento\/","title":{"rendered":"Nossa abordagem para provedores de treinamento"},"content":{"rendered":"\n<div class=\"wp-block-columns are-vertically-aligned-center is-layout-flex wp-container-core-columns-is-layout-9d6595d7 wp-block-columns-is-layout-flex\">\n<div class=\"wp-block-column is-vertically-aligned-center is-layout-flow wp-block-column-is-layout-flow\">\n<p>Avalia\u00e7\u00e3o e Certifica\u00e7\u00e3o se concentram em Processos de Gest\u00e3o Empresarial, Controle de Qualidade do Conte\u00fado e Entrega do Curso, Administra\u00e7\u00e3o do Curso, Gest\u00e3o de Instrutores, Infraestrutura de Treinamento, Efic\u00e1cia e Impacto<\/p>\n<\/div>\n\n\n\n<div class=\"wp-block-column is-vertically-aligned-center is-layout-flow wp-block-column-is-layout-flow\">\n<figure class=\"wp-block-image size-full\"><img loading=\"lazy\" decoding=\"async\" width=\"929\" height=\"869\" src=\"https:\/\/globaldrivingstandards.test\/wp-content\/uploads\/2022\/10\/driving-training-organisation-1.png\" alt=\"\" class=\"wp-image-681\" srcset=\"https:\/\/globaldrivingstandards.org\/wp-content\/uploads\/2022\/10\/driving-training-organisation-1.png 929w, https:\/\/globaldrivingstandards.org\/wp-content\/uploads\/2022\/10\/driving-training-organisation-1-300x281.png 300w, https:\/\/globaldrivingstandards.org\/wp-content\/uploads\/2022\/10\/driving-training-organisation-1-768x718.png 768w\" sizes=\"auto, (max-width: 929px) 100vw, 929px\" \/><\/figure>\n<\/div>\n<\/div>\n","protected":false},"excerpt":{"rendered":"<p>Avalia\u00e7\u00e3o e Certifica\u00e7\u00e3o se concentram em Processos de Gest\u00e3o Empresarial, [&hellip;]<\/p>\n","protected":false},"author":7,"featured_media":4469,"parent":0,"menu_order":0,"comment_status":"closed","ping_status":"closed","template":"page-template-approach.php","meta":{"_acf_changed":false,"footnotes":""},"class_list":["post-4460","page","type-page","status-publish","has-post-thumbnail","hentry"],"acf":[],"yoast_head":"<!-- This site is optimized with the Yoast SEO plugin v27.4 - https:\/\/yoast.com\/product\/yoast-seo-wordpress\/ -->\n<title>Nossa abordagem para provedores de treinamento - Global Driving Standards<\/title>\n<meta name=\"description\" content=\"Avalia\u00e7\u00e3o e Certifica\u00e7\u00e3o se concentram em Processos de Gest\u00e3o Empresarial, Controle de Qualidade do Conte\u00fado e Entrega do Curso, Administra\u00e7\u00e3o do Curso,\" \/>\n<meta name=\"robots\" content=\"noindex, follow, max-snippet:-1, max-image-preview:large, max-video-preview:-1\" \/>\n<meta property=\"og:locale\" content=\"pt_BR\" \/>\n<meta property=\"og:type\" content=\"article\" \/>\n<meta property=\"og:title\" content=\"Nossa abordagem para provedores de treinamento - Global Driving Standards\" \/>\n<meta property=\"og:description\" content=\"Avalia\u00e7\u00e3o e Certifica\u00e7\u00e3o se concentram em Processos de Gest\u00e3o Empresarial, Controle de Qualidade do Conte\u00fado e Entrega do Curso, Administra\u00e7\u00e3o do Curso,\" \/>\n<meta property=\"og:url\" content=\"https:\/\/globaldrivingstandards.org\/pt-br\/nossa-abordagem-para-provedores-de-treinamento\/\" \/>\n<meta property=\"og:site_name\" content=\"Global Driving Standards\" \/>\n<meta property=\"article:modified_time\" content=\"2025-07-10T14:57:08+00:00\" \/>\n<meta property=\"og:image\" content=\"https:\/\/globaldrivingstandards.org\/wp-content\/uploads\/2022\/09\/AdobeStock_366010270_Preview-e1663760229292.jpeg\" \/>\n\t<meta property=\"og:image:width\" content=\"957\" \/>\n\t<meta property=\"og:image:height\" content=\"665\" \/>\n\t<meta property=\"og:image:type\" content=\"image\/jpeg\" \/>\n<meta name=\"twitter:card\" content=\"summary_large_image\" \/>\n<script type=\"application\/ld+json\" class=\"yoast-schema-graph\">{\"@context\":\"https:\\\/\\\/schema.org\",\"@graph\":[{\"@type\":\"WebPage\",\"@id\":\"https:\\\/\\\/globaldrivingstandards.org\\\/pt-br\\\/nossa-abordagem-para-provedores-de-treinamento\\\/\",\"url\":\"https:\\\/\\\/globaldrivingstandards.org\\\/pt-br\\\/nossa-abordagem-para-provedores-de-treinamento\\\/\",\"name\":\"Nossa abordagem para provedores de treinamento - Global Driving Standards\",\"isPartOf\":{\"@id\":\"https:\\\/\\\/globaldrivingstandards.org\\\/pt-br\\\/#website\"},\"primaryImageOfPage\":{\"@id\":\"https:\\\/\\\/globaldrivingstandards.org\\\/pt-br\\\/nossa-abordagem-para-provedores-de-treinamento\\\/#primaryimage\"},\"image\":{\"@id\":\"https:\\\/\\\/globaldrivingstandards.org\\\/pt-br\\\/nossa-abordagem-para-provedores-de-treinamento\\\/#primaryimage\"},\"thumbnailUrl\":\"https:\\\/\\\/globaldrivingstandards.org\\\/wp-content\\\/uploads\\\/2022\\\/09\\\/AdobeStock_366010270_Preview-e1663760229292.jpeg\",\"datePublished\":\"2022-09-07T16:14:01+00:00\",\"dateModified\":\"2025-07-10T14:57:08+00:00\",\"description\":\"Avalia\u00e7\u00e3o e Certifica\u00e7\u00e3o se concentram em Processos de Gest\u00e3o Empresarial, Controle de Qualidade do Conte\u00fado e Entrega do Curso, Administra\u00e7\u00e3o do Curso,\",\"breadcrumb\":{\"@id\":\"https:\\\/\\\/globaldrivingstandards.org\\\/pt-br\\\/nossa-abordagem-para-provedores-de-treinamento\\\/#breadcrumb\"},\"inLanguage\":\"pt-BR\",\"potentialAction\":[{\"@type\":\"ReadAction\",\"target\":[\"https:\\\/\\\/globaldrivingstandards.org\\\/pt-br\\\/nossa-abordagem-para-provedores-de-treinamento\\\/\"]}]},{\"@type\":\"ImageObject\",\"inLanguage\":\"pt-BR\",\"@id\":\"https:\\\/\\\/globaldrivingstandards.org\\\/pt-br\\\/nossa-abordagem-para-provedores-de-treinamento\\\/#primaryimage\",\"url\":\"https:\\\/\\\/globaldrivingstandards.org\\\/wp-content\\\/uploads\\\/2022\\\/09\\\/AdobeStock_366010270_Preview-e1663760229292.jpeg\",\"contentUrl\":\"https:\\\/\\\/globaldrivingstandards.org\\\/wp-content\\\/uploads\\\/2022\\\/09\\\/AdobeStock_366010270_Preview-e1663760229292.jpeg\",\"width\":957,\"height\":665},{\"@type\":\"BreadcrumbList\",\"@id\":\"https:\\\/\\\/globaldrivingstandards.org\\\/pt-br\\\/nossa-abordagem-para-provedores-de-treinamento\\\/#breadcrumb\",\"itemListElement\":[{\"@type\":\"ListItem\",\"position\":1,\"name\":\"Home\",\"item\":\"https:\\\/\\\/globaldrivingstandards.org\\\/pt-br\\\/\"},{\"@type\":\"ListItem\",\"position\":2,\"name\":\"Nossa abordagem para provedores de treinamento\"}]},{\"@type\":\"WebSite\",\"@id\":\"https:\\\/\\\/globaldrivingstandards.org\\\/pt-br\\\/#website\",\"url\":\"https:\\\/\\\/globaldrivingstandards.org\\\/pt-br\\\/\",\"name\":\"Global Driving Standards\",\"description\":\"The best driving standards across the world\",\"publisher\":{\"@id\":\"https:\\\/\\\/globaldrivingstandards.org\\\/pt-br\\\/#organization\"},\"potentialAction\":[{\"@type\":\"SearchAction\",\"target\":{\"@type\":\"EntryPoint\",\"urlTemplate\":\"https:\\\/\\\/globaldrivingstandards.org\\\/pt-br\\\/?s={search_term_string}\"},\"query-input\":{\"@type\":\"PropertyValueSpecification\",\"valueRequired\":true,\"valueName\":\"search_term_string\"}}],\"inLanguage\":\"pt-BR\"},{\"@type\":\"Organization\",\"@id\":\"https:\\\/\\\/globaldrivingstandards.org\\\/pt-br\\\/#organization\",\"name\":\"Global Driving Standards\",\"url\":\"https:\\\/\\\/globaldrivingstandards.org\\\/pt-br\\\/\",\"logo\":{\"@type\":\"ImageObject\",\"inLanguage\":\"pt-BR\",\"@id\":\"https:\\\/\\\/globaldrivingstandards.org\\\/pt-br\\\/#\\\/schema\\\/logo\\\/image\\\/\",\"url\":\"https:\\\/\\\/globaldrivingstandards.org\\\/wp-content\\\/uploads\\\/2022\\\/10\\\/Favicon.png\",\"contentUrl\":\"https:\\\/\\\/globaldrivingstandards.org\\\/wp-content\\\/uploads\\\/2022\\\/10\\\/Favicon.png\",\"width\":256,\"height\":256,\"caption\":\"Global Driving Standards\"},\"image\":{\"@id\":\"https:\\\/\\\/globaldrivingstandards.org\\\/pt-br\\\/#\\\/schema\\\/logo\\\/image\\\/\"}}]}<\/script>\n<!-- \/ Yoast SEO plugin. -->","yoast_head_json":{"title":"Nossa abordagem para provedores de treinamento - Global Driving Standards","description":"Avalia\u00e7\u00e3o e Certifica\u00e7\u00e3o se concentram em Processos de Gest\u00e3o Empresarial, Controle de Qualidade do Conte\u00fado e Entrega do Curso, Administra\u00e7\u00e3o do Curso,","robots":{"index":"noindex","follow":"follow","max-snippet":"max-snippet:-1","max-image-preview":"max-image-preview:large","max-video-preview":"max-video-preview:-1"},"og_locale":"pt_BR","og_type":"article","og_title":"Nossa abordagem para provedores de treinamento - Global Driving Standards","og_description":"Avalia\u00e7\u00e3o e Certifica\u00e7\u00e3o se concentram em Processos de Gest\u00e3o Empresarial, Controle de Qualidade do Conte\u00fado e Entrega do Curso, Administra\u00e7\u00e3o do Curso,","og_url":"https:\/\/globaldrivingstandards.org\/pt-br\/nossa-abordagem-para-provedores-de-treinamento\/","og_site_name":"Global Driving Standards","article_modified_time":"2025-07-10T14:57:08+00:00","og_image":[{"width":957,"height":665,"url":"https:\/\/globaldrivingstandards.org\/wp-content\/uploads\/2022\/09\/AdobeStock_366010270_Preview-e1663760229292.jpeg","type":"image\/jpeg"}],"twitter_card":"summary_large_image","schema":{"@context":"https:\/\/schema.org","@graph":[{"@type":"WebPage","@id":"https:\/\/globaldrivingstandards.org\/pt-br\/nossa-abordagem-para-provedores-de-treinamento\/","url":"https:\/\/globaldrivingstandards.org\/pt-br\/nossa-abordagem-para-provedores-de-treinamento\/","name":"Nossa abordagem para provedores de treinamento - Global Driving Standards","isPartOf":{"@id":"https:\/\/globaldrivingstandards.org\/pt-br\/#website"},"primaryImageOfPage":{"@id":"https:\/\/globaldrivingstandards.org\/pt-br\/nossa-abordagem-para-provedores-de-treinamento\/#primaryimage"},"image":{"@id":"https:\/\/globaldrivingstandards.org\/pt-br\/nossa-abordagem-para-provedores-de-treinamento\/#primaryimage"},"thumbnailUrl":"https:\/\/globaldrivingstandards.org\/wp-content\/uploads\/2022\/09\/AdobeStock_366010270_Preview-e1663760229292.jpeg","datePublished":"2022-09-07T16:14:01+00:00","dateModified":"2025-07-10T14:57:08+00:00","description":"Avalia\u00e7\u00e3o e Certifica\u00e7\u00e3o se concentram em Processos de Gest\u00e3o Empresarial, Controle de Qualidade do Conte\u00fado e Entrega do Curso, Administra\u00e7\u00e3o do Curso,","breadcrumb":{"@id":"https:\/\/globaldrivingstandards.org\/pt-br\/nossa-abordagem-para-provedores-de-treinamento\/#breadcrumb"},"inLanguage":"pt-BR","potentialAction":[{"@type":"ReadAction","target":["https:\/\/globaldrivingstandards.org\/pt-br\/nossa-abordagem-para-provedores-de-treinamento\/"]}]},{"@type":"ImageObject","inLanguage":"pt-BR","@id":"https:\/\/globaldrivingstandards.org\/pt-br\/nossa-abordagem-para-provedores-de-treinamento\/#primaryimage","url":"https:\/\/globaldrivingstandards.org\/wp-content\/uploads\/2022\/09\/AdobeStock_366010270_Preview-e1663760229292.jpeg","contentUrl":"https:\/\/globaldrivingstandards.org\/wp-content\/uploads\/2022\/09\/AdobeStock_366010270_Preview-e1663760229292.jpeg","width":957,"height":665},{"@type":"BreadcrumbList","@id":"https:\/\/globaldrivingstandards.org\/pt-br\/nossa-abordagem-para-provedores-de-treinamento\/#breadcrumb","itemListElement":[{"@type":"ListItem","position":1,"name":"Home","item":"https:\/\/globaldrivingstandards.org\/pt-br\/"},{"@type":"ListItem","position":2,"name":"Nossa abordagem para provedores de treinamento"}]},{"@type":"WebSite","@id":"https:\/\/globaldrivingstandards.org\/pt-br\/#website","url":"https:\/\/globaldrivingstandards.org\/pt-br\/","name":"Global Driving Standards","description":"The best driving standards across the world","publisher":{"@id":"https:\/\/globaldrivingstandards.org\/pt-br\/#organization"},"potentialAction":[{"@type":"SearchAction","target":{"@type":"EntryPoint","urlTemplate":"https:\/\/globaldrivingstandards.org\/pt-br\/?s={search_term_string}"},"query-input":{"@type":"PropertyValueSpecification","valueRequired":true,"valueName":"search_term_string"}}],"inLanguage":"pt-BR"},{"@type":"Organization","@id":"https:\/\/globaldrivingstandards.org\/pt-br\/#organization","name":"Global Driving Standards","url":"https:\/\/globaldrivingstandards.org\/pt-br\/","logo":{"@type":"ImageObject","inLanguage":"pt-BR","@id":"https:\/\/globaldrivingstandards.org\/pt-br\/#\/schema\/logo\/image\/","url":"https:\/\/globaldrivingstandards.org\/wp-content\/uploads\/2022\/10\/Favicon.png","contentUrl":"https:\/\/globaldrivingstandards.org\/wp-content\/uploads\/2022\/10\/Favicon.png","width":256,"height":256,"caption":"Global Driving Standards"},"image":{"@id":"https:\/\/globaldrivingstandards.org\/pt-br\/#\/schema\/logo\/image\/"}}]}},"_links":{"self":[{"href":"https:\/\/globaldrivingstandards.org\/pt-br\/wp-json\/wp\/v2\/pages\/4460","targetHints":{"allow":["GET"]}}],"collection":[{"href":"https:\/\/globaldrivingstandards.org\/pt-br\/wp-json\/wp\/v2\/pages"}],"about":[{"href":"https:\/\/globaldrivingstandards.org\/pt-br\/wp-json\/wp\/v2\/types\/page"}],"author":[{"embeddable":true,"href":"https:\/\/globaldrivingstandards.org\/pt-br\/wp-json\/wp\/v2\/users\/7"}],"replies":[{"embeddable":true,"href":"https:\/\/globaldrivingstandards.org\/pt-br\/wp-json\/wp\/v2\/comments?post=4460"}],"version-history":[{"count":1,"href":"https:\/\/globaldrivingstandards.org\/pt-br\/wp-json\/wp\/v2\/pages\/4460\/revisions"}],"predecessor-version":[{"id":4470,"href":"https:\/\/globaldrivingstandards.org\/pt-br\/wp-json\/wp\/v2\/pages\/4460\/revisions\/4470"}],"wp:featuredmedia":[{"embeddable":true,"href":"https:\/\/globaldrivingstandards.org\/pt-br\/wp-json\/wp\/v2\/media\/4469"}],"wp:attachment":[{"href":"https:\/\/globaldrivingstandards.org\/pt-br\/wp-json\/wp\/v2\/media?parent=4460"}],"curies":[{"name":"wp","href":"https:\/\/api.w.org\/{rel}","templated":true}]}}