{"id":4530,"date":"2022-09-08T08:38:09","date_gmt":"2022-09-08T08:38:09","guid":{"rendered":"https:\/\/globaldrivingstandards.dovetail-consultancy.com\/melhor-conducao-para-a-seguranca-no-transito\/"},"modified":"2025-07-17T17:23:37","modified_gmt":"2025-07-17T17:23:37","slug":"melhor-conducao-para-a-seguranca-no-transito","status":"publish","type":"page","link":"https:\/\/globaldrivingstandards.org\/pt-br\/melhor-conducao-para-a-seguranca-no-transito\/","title":{"rendered":"Melhor Condu\u00e7\u00e3o para a Seguran\u00e7a no Tr\u00e2nsito"},"content":{"rendered":"\n<p>Dirigir \u00e9, muitas vezes, a atividade profissional mais perigosa para muitas pessoas e, claro, para muitos pode ser o prop\u00f3sito principal de seu trabalho. De acordo com a Organiza\u00e7\u00e3o Mundial da Sa\u00fade (OMS), em 2020, os acidentes de tr\u00e2nsito est\u00e3o entre as principais causas de morte globalmente. <\/p>\n\n<p>Les\u00f5es no tr\u00e2nsito s\u00e3o a oitava principal causa de morte para todas as faixas et\u00e1rias e s\u00e3o a principal causa de morte para crian\u00e7as e jovens adultos com idades entre 5 e 29 anos. Atualmente, mais pessoas morrem em decorr\u00eancia de les\u00f5es no tr\u00e2nsito do que de HIV\/AIDS ou tuberculose. No total, aproximadamente 1,35 milh\u00e3o de pessoas morrem anualmente em decorr\u00eancia de acidentes de tr\u00e2nsito e entre 20 e 50 milh\u00f5es de outras pessoas sofrem les\u00f5es n\u00e3o fatais, com muitas delas adquirindo alguma defici\u00eancia em consequ\u00eancia desses ferimentos. Essas les\u00f5es causam perdas econ\u00f4micas consider\u00e1veis para indiv\u00edduos, suas fam\u00edlias e para as na\u00e7\u00f5es como um todo. A OMS acredita que os acidentes de tr\u00e2nsito custam \u00e0 maioria dos pa\u00edses cerca de 3% do seu Produto Interno Bruto. <\/p>\n\n<p>Com base nas melhores pr\u00e1ticas ao redor do mundo, a GDC desenvolveu um padr\u00e3o global para condu\u00e7\u00e3o segura. Embora muitos pa\u00edses utilizem alguma forma de teste de dire\u00e7\u00e3o para avaliar a compet\u00eancia ao volante antes de conceder uma carteira de motorista, os exames b\u00e1sicos de obten\u00e7\u00e3o da habilita\u00e7\u00e3o n\u00e3o conseguem abranger a vasta gama de desempenho e tamanhos de ve\u00edculos, novas tecnologias e fatores humanos aos quais os motoristas s\u00e3o expostos em sua vida ao dirigir. O padr\u00e3o de dire\u00e7\u00e3o da GDC vai al\u00e9m da compet\u00eancia b\u00e1sica no controle do ve\u00edculo para abranger fatores atitudinais e comportamentais que foram demonstrados nos \u00faltimos 20 anos terem uma influ\u00eancia significativa na probabilidade de um motorista se envolver em uma colis\u00e3o.<\/p>\n\n<p>As organiza\u00e7\u00f5es de treinamento de motoristas variam muito em termos de tamanho, localiza\u00e7\u00e3o e conte\u00fado do curso, por isso os padr\u00f5es da GDC para organiza\u00e7\u00f5es de treinamento de motoristas se concentram em como a organiza\u00e7\u00e3o \u00e9 gerenciada e nos principais processos de neg\u00f3cios necess\u00e1rios para gerenciar o treinamento de motoristas de forma eficaz. Estes s\u00e3o estabelecidos como \u00e1reas de desempenho:<\/p>\n\n<ul class=\"wp-block-list\">\n<li>Processos de Gest\u00e3o de Neg\u00f3cios<\/li>\n\n\n\n<li>Controle de Qualidade do Conte\u00fado e da Entrega do Curso<\/li>\n\n\n\n<li>Administra\u00e7\u00e3o do Curso<\/li>\n\n\n\n<li>Gest\u00e3o de Instrutores<\/li>\n\n\n\n<li>Infraestrutura de Treinamento<\/li>\n\n\n\n<li>Efic\u00e1cia e Impacto<\/li>\n<\/ul>\n","protected":false},"excerpt":{"rendered":"<p>Dirigir \u00e9, muitas vezes, a atividade profissional mais perigosa para [&hellip;]<\/p>\n","protected":false},"author":7,"featured_media":4533,"parent":0,"menu_order":0,"comment_status":"closed","ping_status":"closed","template":"","meta":{"_acf_changed":false,"footnotes":""},"class_list":["post-4530","page","type-page","status-publish","has-post-thumbnail","hentry"],"acf":[],"yoast_head":"<!-- This site is optimized with the Yoast SEO plugin v27.4 - https:\/\/yoast.com\/product\/yoast-seo-wordpress\/ -->\n<title>Melhor Condu\u00e7\u00e3o para a Seguran\u00e7a no Tr\u00e2nsito - Global Driving Standards<\/title>\n<meta name=\"description\" content=\"Dirigir \u00e9, muitas vezes, a atividade profissional mais perigosa para muitas pessoas e, claro, para muitos pode ser o prop\u00f3sito principal de seu trabalho.\" \/>\n<meta name=\"robots\" content=\"noindex, follow, max-snippet:-1, max-image-preview:large, max-video-preview:-1\" \/>\n<meta property=\"og:locale\" content=\"pt_BR\" \/>\n<meta property=\"og:type\" content=\"article\" \/>\n<meta property=\"og:title\" content=\"Melhor Condu\u00e7\u00e3o para a Seguran\u00e7a no Tr\u00e2nsito - Global Driving Standards\" \/>\n<meta property=\"og:description\" content=\"Dirigir \u00e9, muitas vezes, a atividade profissional mais perigosa para muitas pessoas e, claro, para muitos pode ser o prop\u00f3sito principal de seu trabalho.\" \/>\n<meta property=\"og:url\" content=\"https:\/\/globaldrivingstandards.org\/pt-br\/melhor-conducao-para-a-seguranca-no-transito\/\" \/>\n<meta property=\"og:site_name\" content=\"Global Driving Standards\" \/>\n<meta property=\"article:modified_time\" content=\"2025-07-17T17:23:37+00:00\" \/>\n<meta property=\"og:image\" content=\"https:\/\/globaldrivingstandards.org\/wp-content\/uploads\/2022\/11\/AdobeStock_144337870.jpeg\" \/>\n\t<meta property=\"og:image:width\" content=\"1440\" \/>\n\t<meta property=\"og:image:height\" content=\"960\" \/>\n\t<meta property=\"og:image:type\" content=\"image\/jpeg\" \/>\n<meta name=\"twitter:card\" content=\"summary_large_image\" \/>\n<meta name=\"twitter:label1\" content=\"Est. tempo de leitura\" \/>\n\t<meta name=\"twitter:data1\" content=\"2 minutos\" \/>\n<script type=\"application\/ld+json\" class=\"yoast-schema-graph\">{\"@context\":\"https:\\\/\\\/schema.org\",\"@graph\":[{\"@type\":\"WebPage\",\"@id\":\"https:\\\/\\\/globaldrivingstandards.org\\\/pt-br\\\/melhor-conducao-para-a-seguranca-no-transito\\\/\",\"url\":\"https:\\\/\\\/globaldrivingstandards.org\\\/pt-br\\\/melhor-conducao-para-a-seguranca-no-transito\\\/\",\"name\":\"Melhor Condu\u00e7\u00e3o para a Seguran\u00e7a no Tr\u00e2nsito - Global Driving Standards\",\"isPartOf\":{\"@id\":\"https:\\\/\\\/globaldrivingstandards.org\\\/pt-br\\\/#website\"},\"primaryImageOfPage\":{\"@id\":\"https:\\\/\\\/globaldrivingstandards.org\\\/pt-br\\\/melhor-conducao-para-a-seguranca-no-transito\\\/#primaryimage\"},\"image\":{\"@id\":\"https:\\\/\\\/globaldrivingstandards.org\\\/pt-br\\\/melhor-conducao-para-a-seguranca-no-transito\\\/#primaryimage\"},\"thumbnailUrl\":\"https:\\\/\\\/globaldrivingstandards.org\\\/wp-content\\\/uploads\\\/2022\\\/11\\\/AdobeStock_144337870.jpeg\",\"datePublished\":\"2022-09-08T08:38:09+00:00\",\"dateModified\":\"2025-07-17T17:23:37+00:00\",\"description\":\"Dirigir \u00e9, muitas vezes, a atividade profissional mais perigosa para muitas pessoas e, claro, para muitos pode ser o prop\u00f3sito principal de seu trabalho.\",\"breadcrumb\":{\"@id\":\"https:\\\/\\\/globaldrivingstandards.org\\\/pt-br\\\/melhor-conducao-para-a-seguranca-no-transito\\\/#breadcrumb\"},\"inLanguage\":\"pt-BR\",\"potentialAction\":[{\"@type\":\"ReadAction\",\"target\":[\"https:\\\/\\\/globaldrivingstandards.org\\\/pt-br\\\/melhor-conducao-para-a-seguranca-no-transito\\\/\"]}]},{\"@type\":\"ImageObject\",\"inLanguage\":\"pt-BR\",\"@id\":\"https:\\\/\\\/globaldrivingstandards.org\\\/pt-br\\\/melhor-conducao-para-a-seguranca-no-transito\\\/#primaryimage\",\"url\":\"https:\\\/\\\/globaldrivingstandards.org\\\/wp-content\\\/uploads\\\/2022\\\/11\\\/AdobeStock_144337870.jpeg\",\"contentUrl\":\"https:\\\/\\\/globaldrivingstandards.org\\\/wp-content\\\/uploads\\\/2022\\\/11\\\/AdobeStock_144337870.jpeg\",\"width\":1440,\"height\":960,\"caption\":\"Overhead view of a car accident on a busy street\"},{\"@type\":\"BreadcrumbList\",\"@id\":\"https:\\\/\\\/globaldrivingstandards.org\\\/pt-br\\\/melhor-conducao-para-a-seguranca-no-transito\\\/#breadcrumb\",\"itemListElement\":[{\"@type\":\"ListItem\",\"position\":1,\"name\":\"Home\",\"item\":\"https:\\\/\\\/globaldrivingstandards.org\\\/pt-br\\\/\"},{\"@type\":\"ListItem\",\"position\":2,\"name\":\"Melhor Condu\u00e7\u00e3o para a Seguran\u00e7a no Tr\u00e2nsito\"}]},{\"@type\":\"WebSite\",\"@id\":\"https:\\\/\\\/globaldrivingstandards.org\\\/pt-br\\\/#website\",\"url\":\"https:\\\/\\\/globaldrivingstandards.org\\\/pt-br\\\/\",\"name\":\"Global Driving Standards\",\"description\":\"The best driving standards across the world\",\"publisher\":{\"@id\":\"https:\\\/\\\/globaldrivingstandards.org\\\/pt-br\\\/#organization\"},\"potentialAction\":[{\"@type\":\"SearchAction\",\"target\":{\"@type\":\"EntryPoint\",\"urlTemplate\":\"https:\\\/\\\/globaldrivingstandards.org\\\/pt-br\\\/?s={search_term_string}\"},\"query-input\":{\"@type\":\"PropertyValueSpecification\",\"valueRequired\":true,\"valueName\":\"search_term_string\"}}],\"inLanguage\":\"pt-BR\"},{\"@type\":\"Organization\",\"@id\":\"https:\\\/\\\/globaldrivingstandards.org\\\/pt-br\\\/#organization\",\"name\":\"Global Driving Standards\",\"url\":\"https:\\\/\\\/globaldrivingstandards.org\\\/pt-br\\\/\",\"logo\":{\"@type\":\"ImageObject\",\"inLanguage\":\"pt-BR\",\"@id\":\"https:\\\/\\\/globaldrivingstandards.org\\\/pt-br\\\/#\\\/schema\\\/logo\\\/image\\\/\",\"url\":\"https:\\\/\\\/globaldrivingstandards.org\\\/wp-content\\\/uploads\\\/2022\\\/10\\\/Favicon.png\",\"contentUrl\":\"https:\\\/\\\/globaldrivingstandards.org\\\/wp-content\\\/uploads\\\/2022\\\/10\\\/Favicon.png\",\"width\":256,\"height\":256,\"caption\":\"Global Driving Standards\"},\"image\":{\"@id\":\"https:\\\/\\\/globaldrivingstandards.org\\\/pt-br\\\/#\\\/schema\\\/logo\\\/image\\\/\"}}]}<\/script>\n<!-- \/ Yoast SEO plugin. -->","yoast_head_json":{"title":"Melhor Condu\u00e7\u00e3o para a Seguran\u00e7a no Tr\u00e2nsito - Global Driving Standards","description":"Dirigir \u00e9, muitas vezes, a atividade profissional mais perigosa para muitas pessoas e, claro, para muitos pode ser o prop\u00f3sito principal de seu trabalho.","robots":{"index":"noindex","follow":"follow","max-snippet":"max-snippet:-1","max-image-preview":"max-image-preview:large","max-video-preview":"max-video-preview:-1"},"og_locale":"pt_BR","og_type":"article","og_title":"Melhor Condu\u00e7\u00e3o para a Seguran\u00e7a no Tr\u00e2nsito - Global Driving Standards","og_description":"Dirigir \u00e9, muitas vezes, a atividade profissional mais perigosa para muitas pessoas e, claro, para muitos pode ser o prop\u00f3sito principal de seu trabalho.","og_url":"https:\/\/globaldrivingstandards.org\/pt-br\/melhor-conducao-para-a-seguranca-no-transito\/","og_site_name":"Global Driving Standards","article_modified_time":"2025-07-17T17:23:37+00:00","og_image":[{"width":1440,"height":960,"url":"https:\/\/globaldrivingstandards.org\/wp-content\/uploads\/2022\/11\/AdobeStock_144337870.jpeg","type":"image\/jpeg"}],"twitter_card":"summary_large_image","twitter_misc":{"Est. tempo de leitura":"2 minutos"},"schema":{"@context":"https:\/\/schema.org","@graph":[{"@type":"WebPage","@id":"https:\/\/globaldrivingstandards.org\/pt-br\/melhor-conducao-para-a-seguranca-no-transito\/","url":"https:\/\/globaldrivingstandards.org\/pt-br\/melhor-conducao-para-a-seguranca-no-transito\/","name":"Melhor Condu\u00e7\u00e3o para a Seguran\u00e7a no Tr\u00e2nsito - Global Driving Standards","isPartOf":{"@id":"https:\/\/globaldrivingstandards.org\/pt-br\/#website"},"primaryImageOfPage":{"@id":"https:\/\/globaldrivingstandards.org\/pt-br\/melhor-conducao-para-a-seguranca-no-transito\/#primaryimage"},"image":{"@id":"https:\/\/globaldrivingstandards.org\/pt-br\/melhor-conducao-para-a-seguranca-no-transito\/#primaryimage"},"thumbnailUrl":"https:\/\/globaldrivingstandards.org\/wp-content\/uploads\/2022\/11\/AdobeStock_144337870.jpeg","datePublished":"2022-09-08T08:38:09+00:00","dateModified":"2025-07-17T17:23:37+00:00","description":"Dirigir \u00e9, muitas vezes, a atividade profissional mais perigosa para muitas pessoas e, claro, para muitos pode ser o prop\u00f3sito principal de seu trabalho.","breadcrumb":{"@id":"https:\/\/globaldrivingstandards.org\/pt-br\/melhor-conducao-para-a-seguranca-no-transito\/#breadcrumb"},"inLanguage":"pt-BR","potentialAction":[{"@type":"ReadAction","target":["https:\/\/globaldrivingstandards.org\/pt-br\/melhor-conducao-para-a-seguranca-no-transito\/"]}]},{"@type":"ImageObject","inLanguage":"pt-BR","@id":"https:\/\/globaldrivingstandards.org\/pt-br\/melhor-conducao-para-a-seguranca-no-transito\/#primaryimage","url":"https:\/\/globaldrivingstandards.org\/wp-content\/uploads\/2022\/11\/AdobeStock_144337870.jpeg","contentUrl":"https:\/\/globaldrivingstandards.org\/wp-content\/uploads\/2022\/11\/AdobeStock_144337870.jpeg","width":1440,"height":960,"caption":"Overhead view of a car accident on a busy street"},{"@type":"BreadcrumbList","@id":"https:\/\/globaldrivingstandards.org\/pt-br\/melhor-conducao-para-a-seguranca-no-transito\/#breadcrumb","itemListElement":[{"@type":"ListItem","position":1,"name":"Home","item":"https:\/\/globaldrivingstandards.org\/pt-br\/"},{"@type":"ListItem","position":2,"name":"Melhor Condu\u00e7\u00e3o para a Seguran\u00e7a no Tr\u00e2nsito"}]},{"@type":"WebSite","@id":"https:\/\/globaldrivingstandards.org\/pt-br\/#website","url":"https:\/\/globaldrivingstandards.org\/pt-br\/","name":"Global Driving Standards","description":"The best driving standards across the world","publisher":{"@id":"https:\/\/globaldrivingstandards.org\/pt-br\/#organization"},"potentialAction":[{"@type":"SearchAction","target":{"@type":"EntryPoint","urlTemplate":"https:\/\/globaldrivingstandards.org\/pt-br\/?s={search_term_string}"},"query-input":{"@type":"PropertyValueSpecification","valueRequired":true,"valueName":"search_term_string"}}],"inLanguage":"pt-BR"},{"@type":"Organization","@id":"https:\/\/globaldrivingstandards.org\/pt-br\/#organization","name":"Global Driving Standards","url":"https:\/\/globaldrivingstandards.org\/pt-br\/","logo":{"@type":"ImageObject","inLanguage":"pt-BR","@id":"https:\/\/globaldrivingstandards.org\/pt-br\/#\/schema\/logo\/image\/","url":"https:\/\/globaldrivingstandards.org\/wp-content\/uploads\/2022\/10\/Favicon.png","contentUrl":"https:\/\/globaldrivingstandards.org\/wp-content\/uploads\/2022\/10\/Favicon.png","width":256,"height":256,"caption":"Global Driving Standards"},"image":{"@id":"https:\/\/globaldrivingstandards.org\/pt-br\/#\/schema\/logo\/image\/"}}]}},"_links":{"self":[{"href":"https:\/\/globaldrivingstandards.org\/pt-br\/wp-json\/wp\/v2\/pages\/4530","targetHints":{"allow":["GET"]}}],"collection":[{"href":"https:\/\/globaldrivingstandards.org\/pt-br\/wp-json\/wp\/v2\/pages"}],"about":[{"href":"https:\/\/globaldrivingstandards.org\/pt-br\/wp-json\/wp\/v2\/types\/page"}],"author":[{"embeddable":true,"href":"https:\/\/globaldrivingstandards.org\/pt-br\/wp-json\/wp\/v2\/users\/7"}],"replies":[{"embeddable":true,"href":"https:\/\/globaldrivingstandards.org\/pt-br\/wp-json\/wp\/v2\/comments?post=4530"}],"version-history":[{"count":1,"href":"https:\/\/globaldrivingstandards.org\/pt-br\/wp-json\/wp\/v2\/pages\/4530\/revisions"}],"predecessor-version":[{"id":4534,"href":"https:\/\/globaldrivingstandards.org\/pt-br\/wp-json\/wp\/v2\/pages\/4530\/revisions\/4534"}],"wp:featuredmedia":[{"embeddable":true,"href":"https:\/\/globaldrivingstandards.org\/pt-br\/wp-json\/wp\/v2\/media\/4533"}],"wp:attachment":[{"href":"https:\/\/globaldrivingstandards.org\/pt-br\/wp-json\/wp\/v2\/media?parent=4530"}],"curies":[{"name":"wp","href":"https:\/\/api.w.org\/{rel}","templated":true}]}}