{"id":4537,"date":"2022-09-08T08:26:17","date_gmt":"2022-09-08T08:26:17","guid":{"rendered":"https:\/\/globaldrivingstandards.dovetail-consultancy.com\/nossa-abordagem-para-empresas\/"},"modified":"2025-07-17T17:51:57","modified_gmt":"2025-07-17T17:51:57","slug":"nossa-abordagem-para-empresas","status":"publish","type":"page","link":"https:\/\/globaldrivingstandards.org\/pt-br\/nossa-abordagem-para-empresas\/","title":{"rendered":"Nossa Abordagem para Empresas"},"content":{"rendered":"\n<h2 class=\"wp-block-heading\">Por que buscar a certifica\u00e7\u00e3o GDC e aplicar os padr\u00f5es GDC?<\/h2>\n\n<p>O padr\u00e3o GDC define um padr\u00e3o m\u00ednimo para qualquer pessoa que seja obrigada a dirigir ou conduzir (moto\/ve\u00edculo de duas rodas) a servi\u00e7o da empresa, \u00e9 empregada como motorista ou \u00e9 um motorista contratado localmente sob responsabilidade da empresa. O objetivo \u00e9 garantir que todo o pessoal que precise dirigir ou conduzir um ve\u00edculo da empresa ou seu pr\u00f3prio ve\u00edculo para fins de trabalho possa faz\u00ea-lo com seguran\u00e7a e em conformidade com as regulamenta\u00e7\u00f5es locais relacionadas \u00e0 condu\u00e7\u00e3o. <\/p>\n\n<figure class=\"wp-block-image size-large\"><img loading=\"lazy\" decoding=\"async\" width=\"1024\" height=\"875\" src=\"https:\/\/globaldrivingstandards.dovetail-consultancy.com\/wp-content\/uploads\/2022\/09\/graphgraph3-1-1024x875.png\" alt=\"\" class=\"wp-image-418\" srcset=\"https:\/\/globaldrivingstandards.org\/wp-content\/uploads\/2022\/09\/graphgraph3-1-1024x875.png 1024w, https:\/\/globaldrivingstandards.org\/wp-content\/uploads\/2022\/09\/graphgraph3-1-300x256.png 300w, https:\/\/globaldrivingstandards.org\/wp-content\/uploads\/2022\/09\/graphgraph3-1-768x656.png 768w, https:\/\/globaldrivingstandards.org\/wp-content\/uploads\/2022\/09\/graphgraph3-1-1536x1313.png 1536w, https:\/\/globaldrivingstandards.org\/wp-content\/uploads\/2022\/09\/graphgraph3-1-2048x1750.png 2048w\" sizes=\"auto, (max-width: 1024px) 100vw, 1024px\" \/><\/figure>\n\n<p>Cada um dos padr\u00f5es GDC contribui para a seguran\u00e7a rodovi\u00e1ria, sustentando uma melhor gest\u00e3o de frotas, um melhor treinamento de motoristas e, consequentemente, uma condu\u00e7\u00e3o mais segura.<\/p>\n","protected":false},"excerpt":{"rendered":"<p>Por que buscar a certifica\u00e7\u00e3o GDC e aplicar os padr\u00f5es [&hellip;]<\/p>\n","protected":false},"author":7,"featured_media":4540,"parent":0,"menu_order":0,"comment_status":"closed","ping_status":"closed","template":"page-template-approach.php","meta":{"_acf_changed":false,"footnotes":""},"class_list":["post-4537","page","type-page","status-publish","has-post-thumbnail","hentry"],"acf":[],"yoast_head":"<!-- This site is optimized with the Yoast SEO plugin v27.4 - https:\/\/yoast.com\/product\/yoast-seo-wordpress\/ -->\n<title>Nossa Abordagem para Empresas - Global Driving Standards<\/title>\n<meta name=\"description\" content=\"Por que buscar a certifica\u00e7\u00e3o GDC e aplicar os padr\u00f5es GDC? O padr\u00e3o GDC define um padr\u00e3o m\u00ednimo para qualquer pessoa que seja obrigada a dirigir ou\" \/>\n<meta name=\"robots\" content=\"noindex, follow, max-snippet:-1, max-image-preview:large, max-video-preview:-1\" \/>\n<meta property=\"og:locale\" content=\"pt_BR\" \/>\n<meta property=\"og:type\" content=\"article\" \/>\n<meta property=\"og:title\" content=\"Nossa Abordagem para Empresas - Global Driving Standards\" \/>\n<meta property=\"og:description\" content=\"Por que buscar a certifica\u00e7\u00e3o GDC e aplicar os padr\u00f5es GDC? O padr\u00e3o GDC define um padr\u00e3o m\u00ednimo para qualquer pessoa que seja obrigada a dirigir ou\" \/>\n<meta property=\"og:url\" content=\"https:\/\/globaldrivingstandards.org\/pt-br\/nossa-abordagem-para-empresas\/\" \/>\n<meta property=\"og:site_name\" content=\"Global Driving Standards\" \/>\n<meta property=\"article:modified_time\" content=\"2025-07-17T17:51:57+00:00\" \/>\n<meta property=\"og:image\" content=\"https:\/\/globaldrivingstandards.org\/wp-content\/uploads\/2022\/11\/AdobeStock_235326692.jpeg\" \/>\n\t<meta property=\"og:image:width\" content=\"1440\" \/>\n\t<meta property=\"og:image:height\" content=\"843\" \/>\n\t<meta property=\"og:image:type\" content=\"image\/jpeg\" \/>\n<meta name=\"twitter:card\" content=\"summary_large_image\" \/>\n<meta name=\"twitter:label1\" content=\"Est. tempo de leitura\" \/>\n\t<meta name=\"twitter:data1\" content=\"1 minuto\" \/>\n<script type=\"application\/ld+json\" class=\"yoast-schema-graph\">{\"@context\":\"https:\\\/\\\/schema.org\",\"@graph\":[{\"@type\":\"WebPage\",\"@id\":\"https:\\\/\\\/globaldrivingstandards.org\\\/pt-br\\\/nossa-abordagem-para-empresas\\\/\",\"url\":\"https:\\\/\\\/globaldrivingstandards.org\\\/pt-br\\\/nossa-abordagem-para-empresas\\\/\",\"name\":\"Nossa Abordagem para Empresas - Global Driving Standards\",\"isPartOf\":{\"@id\":\"https:\\\/\\\/globaldrivingstandards.org\\\/pt-br\\\/#website\"},\"primaryImageOfPage\":{\"@id\":\"https:\\\/\\\/globaldrivingstandards.org\\\/pt-br\\\/nossa-abordagem-para-empresas\\\/#primaryimage\"},\"image\":{\"@id\":\"https:\\\/\\\/globaldrivingstandards.org\\\/pt-br\\\/nossa-abordagem-para-empresas\\\/#primaryimage\"},\"thumbnailUrl\":\"https:\\\/\\\/globaldrivingstandards.org\\\/wp-content\\\/uploads\\\/2022\\\/11\\\/AdobeStock_235326692.jpeg\",\"datePublished\":\"2022-09-08T08:26:17+00:00\",\"dateModified\":\"2025-07-17T17:51:57+00:00\",\"description\":\"Por que buscar a certifica\u00e7\u00e3o GDC e aplicar os padr\u00f5es GDC? O padr\u00e3o GDC define um padr\u00e3o m\u00ednimo para qualquer pessoa que seja obrigada a dirigir ou\",\"breadcrumb\":{\"@id\":\"https:\\\/\\\/globaldrivingstandards.org\\\/pt-br\\\/nossa-abordagem-para-empresas\\\/#breadcrumb\"},\"inLanguage\":\"pt-BR\",\"potentialAction\":[{\"@type\":\"ReadAction\",\"target\":[\"https:\\\/\\\/globaldrivingstandards.org\\\/pt-br\\\/nossa-abordagem-para-empresas\\\/\"]}]},{\"@type\":\"ImageObject\",\"inLanguage\":\"pt-BR\",\"@id\":\"https:\\\/\\\/globaldrivingstandards.org\\\/pt-br\\\/nossa-abordagem-para-empresas\\\/#primaryimage\",\"url\":\"https:\\\/\\\/globaldrivingstandards.org\\\/wp-content\\\/uploads\\\/2022\\\/11\\\/AdobeStock_235326692.jpeg\",\"contentUrl\":\"https:\\\/\\\/globaldrivingstandards.org\\\/wp-content\\\/uploads\\\/2022\\\/11\\\/AdobeStock_235326692.jpeg\",\"width\":1440,\"height\":843},{\"@type\":\"BreadcrumbList\",\"@id\":\"https:\\\/\\\/globaldrivingstandards.org\\\/pt-br\\\/nossa-abordagem-para-empresas\\\/#breadcrumb\",\"itemListElement\":[{\"@type\":\"ListItem\",\"position\":1,\"name\":\"Home\",\"item\":\"https:\\\/\\\/globaldrivingstandards.org\\\/pt-br\\\/\"},{\"@type\":\"ListItem\",\"position\":2,\"name\":\"Nossa Abordagem para Empresas\"}]},{\"@type\":\"WebSite\",\"@id\":\"https:\\\/\\\/globaldrivingstandards.org\\\/pt-br\\\/#website\",\"url\":\"https:\\\/\\\/globaldrivingstandards.org\\\/pt-br\\\/\",\"name\":\"Global Driving Standards\",\"description\":\"The best driving standards across the world\",\"publisher\":{\"@id\":\"https:\\\/\\\/globaldrivingstandards.org\\\/pt-br\\\/#organization\"},\"potentialAction\":[{\"@type\":\"SearchAction\",\"target\":{\"@type\":\"EntryPoint\",\"urlTemplate\":\"https:\\\/\\\/globaldrivingstandards.org\\\/pt-br\\\/?s={search_term_string}\"},\"query-input\":{\"@type\":\"PropertyValueSpecification\",\"valueRequired\":true,\"valueName\":\"search_term_string\"}}],\"inLanguage\":\"pt-BR\"},{\"@type\":\"Organization\",\"@id\":\"https:\\\/\\\/globaldrivingstandards.org\\\/pt-br\\\/#organization\",\"name\":\"Global Driving Standards\",\"url\":\"https:\\\/\\\/globaldrivingstandards.org\\\/pt-br\\\/\",\"logo\":{\"@type\":\"ImageObject\",\"inLanguage\":\"pt-BR\",\"@id\":\"https:\\\/\\\/globaldrivingstandards.org\\\/pt-br\\\/#\\\/schema\\\/logo\\\/image\\\/\",\"url\":\"https:\\\/\\\/globaldrivingstandards.org\\\/wp-content\\\/uploads\\\/2022\\\/10\\\/Favicon.png\",\"contentUrl\":\"https:\\\/\\\/globaldrivingstandards.org\\\/wp-content\\\/uploads\\\/2022\\\/10\\\/Favicon.png\",\"width\":256,\"height\":256,\"caption\":\"Global Driving Standards\"},\"image\":{\"@id\":\"https:\\\/\\\/globaldrivingstandards.org\\\/pt-br\\\/#\\\/schema\\\/logo\\\/image\\\/\"}}]}<\/script>\n<!-- \/ Yoast SEO plugin. -->","yoast_head_json":{"title":"Nossa Abordagem para Empresas - Global Driving Standards","description":"Por que buscar a certifica\u00e7\u00e3o GDC e aplicar os padr\u00f5es GDC? O padr\u00e3o GDC define um padr\u00e3o m\u00ednimo para qualquer pessoa que seja obrigada a dirigir ou","robots":{"index":"noindex","follow":"follow","max-snippet":"max-snippet:-1","max-image-preview":"max-image-preview:large","max-video-preview":"max-video-preview:-1"},"og_locale":"pt_BR","og_type":"article","og_title":"Nossa Abordagem para Empresas - Global Driving Standards","og_description":"Por que buscar a certifica\u00e7\u00e3o GDC e aplicar os padr\u00f5es GDC? O padr\u00e3o GDC define um padr\u00e3o m\u00ednimo para qualquer pessoa que seja obrigada a dirigir ou","og_url":"https:\/\/globaldrivingstandards.org\/pt-br\/nossa-abordagem-para-empresas\/","og_site_name":"Global Driving Standards","article_modified_time":"2025-07-17T17:51:57+00:00","og_image":[{"width":1440,"height":843,"url":"https:\/\/globaldrivingstandards.org\/wp-content\/uploads\/2022\/11\/AdobeStock_235326692.jpeg","type":"image\/jpeg"}],"twitter_card":"summary_large_image","twitter_misc":{"Est. tempo de leitura":"1 minuto"},"schema":{"@context":"https:\/\/schema.org","@graph":[{"@type":"WebPage","@id":"https:\/\/globaldrivingstandards.org\/pt-br\/nossa-abordagem-para-empresas\/","url":"https:\/\/globaldrivingstandards.org\/pt-br\/nossa-abordagem-para-empresas\/","name":"Nossa Abordagem para Empresas - Global Driving Standards","isPartOf":{"@id":"https:\/\/globaldrivingstandards.org\/pt-br\/#website"},"primaryImageOfPage":{"@id":"https:\/\/globaldrivingstandards.org\/pt-br\/nossa-abordagem-para-empresas\/#primaryimage"},"image":{"@id":"https:\/\/globaldrivingstandards.org\/pt-br\/nossa-abordagem-para-empresas\/#primaryimage"},"thumbnailUrl":"https:\/\/globaldrivingstandards.org\/wp-content\/uploads\/2022\/11\/AdobeStock_235326692.jpeg","datePublished":"2022-09-08T08:26:17+00:00","dateModified":"2025-07-17T17:51:57+00:00","description":"Por que buscar a certifica\u00e7\u00e3o GDC e aplicar os padr\u00f5es GDC? O padr\u00e3o GDC define um padr\u00e3o m\u00ednimo para qualquer pessoa que seja obrigada a dirigir ou","breadcrumb":{"@id":"https:\/\/globaldrivingstandards.org\/pt-br\/nossa-abordagem-para-empresas\/#breadcrumb"},"inLanguage":"pt-BR","potentialAction":[{"@type":"ReadAction","target":["https:\/\/globaldrivingstandards.org\/pt-br\/nossa-abordagem-para-empresas\/"]}]},{"@type":"ImageObject","inLanguage":"pt-BR","@id":"https:\/\/globaldrivingstandards.org\/pt-br\/nossa-abordagem-para-empresas\/#primaryimage","url":"https:\/\/globaldrivingstandards.org\/wp-content\/uploads\/2022\/11\/AdobeStock_235326692.jpeg","contentUrl":"https:\/\/globaldrivingstandards.org\/wp-content\/uploads\/2022\/11\/AdobeStock_235326692.jpeg","width":1440,"height":843},{"@type":"BreadcrumbList","@id":"https:\/\/globaldrivingstandards.org\/pt-br\/nossa-abordagem-para-empresas\/#breadcrumb","itemListElement":[{"@type":"ListItem","position":1,"name":"Home","item":"https:\/\/globaldrivingstandards.org\/pt-br\/"},{"@type":"ListItem","position":2,"name":"Nossa Abordagem para Empresas"}]},{"@type":"WebSite","@id":"https:\/\/globaldrivingstandards.org\/pt-br\/#website","url":"https:\/\/globaldrivingstandards.org\/pt-br\/","name":"Global Driving Standards","description":"The best driving standards across the world","publisher":{"@id":"https:\/\/globaldrivingstandards.org\/pt-br\/#organization"},"potentialAction":[{"@type":"SearchAction","target":{"@type":"EntryPoint","urlTemplate":"https:\/\/globaldrivingstandards.org\/pt-br\/?s={search_term_string}"},"query-input":{"@type":"PropertyValueSpecification","valueRequired":true,"valueName":"search_term_string"}}],"inLanguage":"pt-BR"},{"@type":"Organization","@id":"https:\/\/globaldrivingstandards.org\/pt-br\/#organization","name":"Global Driving Standards","url":"https:\/\/globaldrivingstandards.org\/pt-br\/","logo":{"@type":"ImageObject","inLanguage":"pt-BR","@id":"https:\/\/globaldrivingstandards.org\/pt-br\/#\/schema\/logo\/image\/","url":"https:\/\/globaldrivingstandards.org\/wp-content\/uploads\/2022\/10\/Favicon.png","contentUrl":"https:\/\/globaldrivingstandards.org\/wp-content\/uploads\/2022\/10\/Favicon.png","width":256,"height":256,"caption":"Global Driving Standards"},"image":{"@id":"https:\/\/globaldrivingstandards.org\/pt-br\/#\/schema\/logo\/image\/"}}]}},"_links":{"self":[{"href":"https:\/\/globaldrivingstandards.org\/pt-br\/wp-json\/wp\/v2\/pages\/4537","targetHints":{"allow":["GET"]}}],"collection":[{"href":"https:\/\/globaldrivingstandards.org\/pt-br\/wp-json\/wp\/v2\/pages"}],"about":[{"href":"https:\/\/globaldrivingstandards.org\/pt-br\/wp-json\/wp\/v2\/types\/page"}],"author":[{"embeddable":true,"href":"https:\/\/globaldrivingstandards.org\/pt-br\/wp-json\/wp\/v2\/users\/7"}],"replies":[{"embeddable":true,"href":"https:\/\/globaldrivingstandards.org\/pt-br\/wp-json\/wp\/v2\/comments?post=4537"}],"version-history":[{"count":1,"href":"https:\/\/globaldrivingstandards.org\/pt-br\/wp-json\/wp\/v2\/pages\/4537\/revisions"}],"predecessor-version":[{"id":4541,"href":"https:\/\/globaldrivingstandards.org\/pt-br\/wp-json\/wp\/v2\/pages\/4537\/revisions\/4541"}],"wp:featuredmedia":[{"embeddable":true,"href":"https:\/\/globaldrivingstandards.org\/pt-br\/wp-json\/wp\/v2\/media\/4540"}],"wp:attachment":[{"href":"https:\/\/globaldrivingstandards.org\/pt-br\/wp-json\/wp\/v2\/media?parent=4537"}],"curies":[{"name":"wp","href":"https:\/\/api.w.org\/{rel}","templated":true}]}}